{"id":13553,"date":"2022-01-10T22:07:07","date_gmt":"2022-01-10T22:07:07","guid":{"rendered":"https:\/\/guneyasinmaz.com.tr\/?page_id=13553"},"modified":"2022-10-26T21:31:14","modified_gmt":"2022-10-26T21:31:14","slug":"industries","status":"publish","type":"page","link":"https:\/\/guneyasinmaz.com.tr\/en\/?page_id=13553","title":{"rendered":"Industries"},"content":{"rendered":"<p>[vc_section full_width=&#8221;stretch_row&#8221; pix_over_visibility=&#8221;&#8221; css=&#8221;.vc_custom_1590198525939{padding-top: 80px !important;padding-bottom: 80px !important;background-color: #ffffff !important;}&#8221;][vc_row content_placement=&#8221;middle&#8221; pix_particles_check=&#8221;&#8221; css=&#8221;.vc_custom_1590205541495{padding-bottom: 30px !important;}&#8221;][vc_column width=&#8221;1\/3&#8243; css=&#8221;.vc_custom_1561772161711{margin-top: 20px !important;margin-bottom: 20px !important;}&#8221;]<div id=\"sliding-text-44635648\" class=\"mb-3 text-left \"><h3 class=\"mb-32 pix-sliding-headline font-weight-bold secondary-font\" data-class=\"secondary-font text-heading-default\" data-style=\"\">We Support<\/h3><\/div><div class=\"pix-el-text slide-in-container2 w-100  \" ><p class=\"text-18  text-body-default  \" ><span class=\"animate-in d-inline-block\" data-anim-delay=\"400\" data-anim-type=\"fade-in-up\">Major Industries and Our Services<\/span><\/p><\/div>[\/vc_column][vc_column width=&#8221;2\/3&#8243; content_align=&#8221;text-right&#8221; el_class=&#8221;d-md-flex align-items-center&#8221;]<a  href=\"https:\/\/guneyasinmaz.com.tr\/en\/?page_id=13437\" class=\"btn mb-2     btn-primary-light d-inline-block pix-hover-item      btn-rounded animate-in btn-md\"   data-anim-type=\"fade-in-left\" data-anim-delay=\"800\" ><span class=\"font-weight-bold \" >Visit the Page for Our Special Productions<\/span> <i class=\"font-weight-bold pixicon-arrow-right2  pix-hover-right  ml-1\"><\/i><\/a>[\/vc_column][\/vc_row][vc_row pix_particles_check=&#8221;&#8221;][vc_column width=&#8221;1\/3&#8243;]<div class=\"animate-in d-inline-block w-100\" data-anim-type=\"fade-in-up\" data-anim-delay=\"0\"><div class=\"card w-100 h-100 bg-heading-default bg-transparent  shadow text-left w-100 d-inline-block pix-hover-item rounded-lg position-relative overflow-hidden text-white  shadow text-left w-100 d-inline-block\" data-anim-type=\"fade-in-up\" data-anim-delay=\"0\" ><img decoding=\"async\" src=\"https:\/\/guneyasinmaz.com.tr\/en\/wp-content\/plugins\/pixfort-core\/functions\/images\/loading.webp\" data-srcset=\"https:\/\/guneyasinmaz.com.tr\/en\/wp-content\/uploads\/2022\/10\/WhatsApp-Image-2022-10-26-at-23.20.07-2-300x203.jpeg 300w, https:\/\/guneyasinmaz.com.tr\/en\/wp-content\/uploads\/2022\/10\/WhatsApp-Image-2022-10-26-at-23.20.07-2-1024x693.jpeg 1024w, https:\/\/guneyasinmaz.com.tr\/en\/wp-content\/uploads\/2022\/10\/WhatsApp-Image-2022-10-26-at-23.20.07-2-768x520.jpeg 768w, https:\/\/guneyasinmaz.com.tr\/en\/wp-content\/uploads\/2022\/10\/WhatsApp-Image-2022-10-26-at-23.20.07-2-1536x1040.jpeg 1536w, https:\/\/guneyasinmaz.com.tr\/en\/wp-content\/uploads\/2022\/10\/WhatsApp-Image-2022-10-26-at-23.20.07-2.jpeg 1600w\" data-src=\"https:\/\/guneyasinmaz.com.tr\/en\/wp-content\/uploads\/2022\/10\/WhatsApp-Image-2022-10-26-at-23.20.07-2.jpeg\" class=\"pix-lazy card-img pix-bg-image h-100 pix-img-scale pix-opacity-10 \" loading=\"lazy\" alt=\"Build\"><a href=\"https:\/\/guneyasinmaz.com.tr\/en\/?portfolio=insaat\"  class=\"card-img-overlay2 d-inline-block w-100 pix-img-overlay pix-p-10 d-flex align-items-end\" style=\"min-height:400px;\"><div class=\"w-100\"><div class=\"card-content-box pix-p-20 rounded-lg w-100 shadow  bg-white d-flex justify-content-between align-items-center\"><h6 class=\"card-title font-weight-bold  text-heading-default m-0 w-100\" style=\"\">Build<\/h6><h6 class=\"pixicon-angle-right text-heading-default font-weight-bold\" style=\"\"><\/h6><\/div><\/div><\/a><\/div><\/div>[\/vc_column][vc_column width=&#8221;1\/3&#8243;]<div class=\"animate-in d-inline-block w-100\" data-anim-type=\"fade-in-up\" data-anim-delay=\"0\"><div class=\"card w-100 h-100 bg-heading-default bg-transparent  text-left w-100 d-inline-block pix-hover-item rounded-lg position-relative overflow-hidden text-white  text-left w-100 d-inline-block\" data-anim-type=\"fade-in-up\" data-anim-delay=\"0\" ><img decoding=\"async\" src=\"https:\/\/guneyasinmaz.com.tr\/en\/wp-content\/plugins\/pixfort-core\/functions\/images\/loading.webp\" data-srcset=\"https:\/\/guneyasinmaz.com.tr\/en\/wp-content\/uploads\/2022\/10\/WhatsApp-Image-2022-10-26-at-23.20.07-300x200.jpeg 300w, https:\/\/guneyasinmaz.com.tr\/en\/wp-content\/uploads\/2022\/10\/WhatsApp-Image-2022-10-26-at-23.20.07-1024x682.jpeg 1024w, https:\/\/guneyasinmaz.com.tr\/en\/wp-content\/uploads\/2022\/10\/WhatsApp-Image-2022-10-26-at-23.20.07-768x512.jpeg 768w, https:\/\/guneyasinmaz.com.tr\/en\/wp-content\/uploads\/2022\/10\/WhatsApp-Image-2022-10-26-at-23.20.07-1536x1023.jpeg 1536w, https:\/\/guneyasinmaz.com.tr\/en\/wp-content\/uploads\/2022\/10\/WhatsApp-Image-2022-10-26-at-23.20.07.jpeg 1600w\" data-src=\"https:\/\/guneyasinmaz.com.tr\/en\/wp-content\/uploads\/2022\/10\/WhatsApp-Image-2022-10-26-at-23.20.07.jpeg\" class=\"pix-lazy card-img pix-bg-image h-100 pix-img-scale pix-opacity-10 \" loading=\"lazy\" alt=\"Quarries\"><a href=\"https:\/\/guneyasinmaz.com.tr\/en\/?portfolio=tas-ocaklari\"  class=\"card-img-overlay2 d-inline-block w-100 pix-img-overlay pix-p-10 d-flex align-items-end\" style=\"min-height:400px;\"><div class=\"w-100\"><div class=\"card-content-box pix-p-20 rounded-lg w-100 shadow  bg-white d-flex justify-content-between align-items-center\"><h6 class=\"card-title font-weight-bold  text-heading-default m-0 w-100\" style=\"\">Quarries<\/h6><h6 class=\"pixicon-angle-right text-heading-default font-weight-bold\" style=\"\"><\/h6><\/div><\/div><\/a><\/div><\/div>[\/vc_column][vc_column width=&#8221;1\/3&#8243;]<div class=\"animate-in d-inline-block w-100\" data-anim-type=\"fade-in-up\" data-anim-delay=\"0\"><div class=\"card w-100 h-100 bg-heading-default bg-transparent  text-left w-100 d-inline-block pix-hover-item rounded-lg position-relative overflow-hidden text-white  text-left w-100 d-inline-block\" data-anim-type=\"fade-in-up\" data-anim-delay=\"0\" ><img decoding=\"async\" src=\"https:\/\/guneyasinmaz.com.tr\/en\/wp-content\/plugins\/pixfort-core\/functions\/images\/loading.webp\" data-srcset=\"https:\/\/guneyasinmaz.com.tr\/en\/wp-content\/uploads\/2022\/10\/WhatsApp-Image-2022-10-26-at-23.20.07-1-300x200.jpeg 300w, https:\/\/guneyasinmaz.com.tr\/en\/wp-content\/uploads\/2022\/10\/WhatsApp-Image-2022-10-26-at-23.20.07-1-1024x683.jpeg 1024w, https:\/\/guneyasinmaz.com.tr\/en\/wp-content\/uploads\/2022\/10\/WhatsApp-Image-2022-10-26-at-23.20.07-1-768x512.jpeg 768w, https:\/\/guneyasinmaz.com.tr\/en\/wp-content\/uploads\/2022\/10\/WhatsApp-Image-2022-10-26-at-23.20.07-1-1536x1024.jpeg 1536w, https:\/\/guneyasinmaz.com.tr\/en\/wp-content\/uploads\/2022\/10\/WhatsApp-Image-2022-10-26-at-23.20.07-1.jpeg 1600w\" data-src=\"https:\/\/guneyasinmaz.com.tr\/en\/wp-content\/uploads\/2022\/10\/WhatsApp-Image-2022-10-26-at-23.20.07-1.jpeg\" class=\"pix-lazy card-img pix-bg-image h-100 pix-img-scale pix-opacity-10 \" loading=\"lazy\" alt=\"Road construction\"><a href=\"https:\/\/guneyasinmaz.com.tr\/en\/?portfolio=yol-yapimi\"  class=\"card-img-overlay2 d-inline-block w-100 pix-img-overlay pix-p-10 d-flex align-items-end\" style=\"min-height:400px;\"><div class=\"w-100\"><div class=\"card-content-box pix-p-20 rounded-lg w-100 shadow  bg-white d-flex justify-content-between align-items-center\"><h6 class=\"card-title font-weight-bold  text-heading-default m-0 w-100\" style=\"\">Road construction<\/h6><h6 class=\"pixicon-angle-right text-heading-default font-weight-bold\" style=\"\"><\/h6><\/div><\/div><\/a><\/div><\/div>[\/vc_column][\/vc_row][vc_row pix_particles_check=&#8221;&#8221; css=&#8221;.vc_custom_1590205427856{padding-top: 20px !important;}&#8221;][vc_column width=&#8221;1\/3&#8243;]<div class=\"animate-in d-inline-block w-100\" data-anim-type=\"fade-in-up\" data-anim-delay=\"0\"><div class=\"card w-100 h-100 bg-heading-default bg-transparent  text-left w-100 d-inline-block pix-hover-item rounded-lg position-relative overflow-hidden text-white  text-left w-100 d-inline-block\" data-anim-type=\"fade-in-up\" data-anim-delay=\"0\" ><img decoding=\"async\" src=\"https:\/\/guneyasinmaz.com.tr\/en\/wp-content\/plugins\/pixfort-core\/functions\/images\/loading.webp\" data-srcset=\"https:\/\/guneyasinmaz.com.tr\/en\/wp-content\/uploads\/2022\/01\/madencilik-hardox-300x169.jpeg 300w, https:\/\/guneyasinmaz.com.tr\/en\/wp-content\/uploads\/2022\/01\/madencilik-hardox.jpeg 720w\" data-src=\"https:\/\/guneyasinmaz.com.tr\/en\/wp-content\/uploads\/2022\/01\/madencilik-hardox.jpeg\" class=\"pix-lazy card-img pix-bg-image h-100 pix-img-scale pix-opacity-10 \" loading=\"lazy\" alt=\"Mining\"><a href=\"https:\/\/guneyasinmaz.com.tr\/en\/?portfolio=madencilik\"  class=\"card-img-overlay2 d-inline-block w-100 pix-img-overlay pix-p-10 d-flex align-items-end\" style=\"min-height:400px;\"><div class=\"w-100\"><div class=\"card-content-box pix-p-20 rounded-lg w-100 shadow  bg-white d-flex justify-content-between align-items-center\"><h6 class=\"card-title font-weight-bold  text-heading-default m-0 w-100\" style=\"\">Mining<\/h6><h6 class=\"pixicon-angle-right text-heading-default font-weight-bold\" style=\"\"><\/h6><\/div><\/div><\/a><\/div><\/div>[\/vc_column][vc_column width=&#8221;1\/3&#8243;]<div class=\"animate-in d-inline-block w-100\" data-anim-type=\"fade-in-up\" data-anim-delay=\"0\"><div class=\"card w-100 h-100 bg-heading-default bg-transparent  text-left w-100 d-inline-block pix-hover-item rounded-lg position-relative overflow-hidden text-white  text-left w-100 d-inline-block\" data-anim-type=\"fade-in-up\" data-anim-delay=\"0\" ><img decoding=\"async\" src=\"https:\/\/guneyasinmaz.com.tr\/en\/wp-content\/plugins\/pixfort-core\/functions\/images\/loading.webp\" data-srcset=\"https:\/\/guneyasinmaz.com.tr\/en\/wp-content\/uploads\/2022\/01\/geri-do\u0308nu\u0308s\u0327u\u0308m-hardox-300x169.jpeg 300w, https:\/\/guneyasinmaz.com.tr\/en\/wp-content\/uploads\/2022\/01\/geri-do\u0308nu\u0308s\u0327u\u0308m-hardox.jpeg 720w\" data-src=\"https:\/\/guneyasinmaz.com.tr\/en\/wp-content\/uploads\/2022\/01\/geri-do\u0308nu\u0308s\u0327u\u0308m-hardox.jpeg\" class=\"pix-lazy card-img pix-bg-image h-100 pix-img-scale pix-opacity-10 \" loading=\"lazy\" alt=\"Recycle\"><a href=\"https:\/\/guneyasinmaz.com.tr\/en\/?portfolio=geri-donusum\"  class=\"card-img-overlay2 d-inline-block w-100 pix-img-overlay pix-p-10 d-flex align-items-end\" style=\"min-height:400px;\"><div class=\"w-100\"><div class=\"card-content-box pix-p-20 rounded-lg w-100 shadow  bg-white d-flex justify-content-between align-items-center\"><h6 class=\"card-title font-weight-bold  text-heading-default m-0 w-100\" style=\"\">Recycle<\/h6><h6 class=\"pixicon-angle-right text-heading-default font-weight-bold\" style=\"\"><\/h6><\/div><\/div><\/a><\/div><\/div>[\/vc_column][vc_column width=&#8221;1\/3&#8243;]<div class=\"animate-in d-inline-block w-100\" data-anim-type=\"fade-in-up\" data-anim-delay=\"0\"><div class=\"card w-100 h-100 bg-heading-default bg-transparent  text-left w-100 d-inline-block pix-hover-item rounded-lg position-relative overflow-hidden text-white  text-left w-100 d-inline-block\" data-anim-type=\"fade-in-up\" data-anim-delay=\"0\" ><img decoding=\"async\" src=\"https:\/\/guneyasinmaz.com.tr\/en\/wp-content\/plugins\/pixfort-core\/functions\/images\/loading.webp\" data-srcset=\"https:\/\/guneyasinmaz.com.tr\/en\/wp-content\/uploads\/2022\/01\/metal-is\u0327leri-hardox-300x169.jpeg 300w, https:\/\/guneyasinmaz.com.tr\/en\/wp-content\/uploads\/2022\/01\/metal-is\u0327leri-hardox.jpeg 720w\" data-src=\"https:\/\/guneyasinmaz.com.tr\/en\/wp-content\/uploads\/2022\/01\/metal-is\u0327leri-hardox.jpeg\" class=\"pix-lazy card-img pix-bg-image h-100 pix-img-scale pix-opacity-10 \" loading=\"lazy\" alt=\"Metal Work\"><a href=\"https:\/\/guneyasinmaz.com.tr\/en\/?portfolio=metal-isleri\"  class=\"card-img-overlay2 d-inline-block w-100 pix-img-overlay pix-p-10 d-flex align-items-end\" style=\"min-height:400px;\"><div class=\"w-100\"><div class=\"card-content-box pix-p-20 rounded-lg w-100 shadow  bg-white d-flex justify-content-between align-items-center\"><h6 class=\"card-title font-weight-bold  text-heading-default m-0 w-100\" style=\"\">Metal Work<\/h6><h6 class=\"pixicon-angle-right text-heading-default font-weight-bold\" style=\"\"><\/h6><\/div><\/div><\/a><\/div><\/div>[\/vc_column][\/vc_row][vc_row pix_particles_check=&#8221;&#8221; css=&#8221;.vc_custom_1590205427856{padding-top: 20px !important;}&#8221;][vc_column width=&#8221;1\/3&#8243;]<div class=\"animate-in d-inline-block w-100\" data-anim-type=\"fade-in-up\" data-anim-delay=\"0\"><div class=\"card w-100 h-100 bg-heading-default bg-transparent  text-left w-100 d-inline-block pix-hover-item rounded-lg position-relative overflow-hidden text-white  text-left w-100 d-inline-block\" data-anim-type=\"fade-in-up\" data-anim-delay=\"0\" ><img decoding=\"async\" src=\"https:\/\/guneyasinmaz.com.tr\/en\/wp-content\/plugins\/pixfort-core\/functions\/images\/loading.webp\" data-srcset=\"https:\/\/guneyasinmaz.com.tr\/en\/wp-content\/uploads\/2022\/01\/komu\u0308r-ve-enerji-hardox-300x169.jpeg 300w, https:\/\/guneyasinmaz.com.tr\/en\/wp-content\/uploads\/2022\/01\/komu\u0308r-ve-enerji-hardox.jpeg 720w\" data-src=\"https:\/\/guneyasinmaz.com.tr\/en\/wp-content\/uploads\/2022\/01\/komu\u0308r-ve-enerji-hardox.jpeg\" class=\"pix-lazy card-img pix-bg-image h-100 pix-img-scale pix-opacity-10 \" loading=\"lazy\" alt=\"Coal and Energy\"><a href=\"https:\/\/guneyasinmaz.com.tr\/en\/?portfolio=komur-ve-enerji\"  class=\"card-img-overlay2 d-inline-block w-100 pix-img-overlay pix-p-10 d-flex align-items-end\" style=\"min-height:400px;\"><div class=\"w-100\"><div class=\"card-content-box pix-p-20 rounded-lg w-100 shadow  bg-white d-flex justify-content-between align-items-center\"><h6 class=\"card-title font-weight-bold  text-heading-default m-0 w-100\" style=\"\">Coal and Energy<\/h6><h6 class=\"pixicon-angle-right text-heading-default font-weight-bold\" style=\"\"><\/h6><\/div><\/div><\/a><\/div><\/div>[\/vc_column][vc_column width=&#8221;1\/3&#8243;]<div class=\"animate-in d-inline-block w-100\" data-anim-type=\"fade-in-up\" data-anim-delay=\"0\"><div class=\"card w-100 h-100 bg-heading-default bg-transparent  text-left w-100 d-inline-block pix-hover-item rounded-lg position-relative overflow-hidden text-white  text-left w-100 d-inline-block\" data-anim-type=\"fade-in-up\" data-anim-delay=\"0\" ><img decoding=\"async\" src=\"https:\/\/guneyasinmaz.com.tr\/en\/wp-content\/plugins\/pixfort-core\/functions\/images\/loading.webp\" data-srcset=\"https:\/\/guneyasinmaz.com.tr\/en\/wp-content\/uploads\/2022\/01\/beton-hardox-300x169.jpeg 300w, https:\/\/guneyasinmaz.com.tr\/en\/wp-content\/uploads\/2022\/01\/beton-hardox.jpeg 720w\" data-src=\"https:\/\/guneyasinmaz.com.tr\/en\/wp-content\/uploads\/2022\/01\/beton-hardox.jpeg\" class=\"pix-lazy card-img pix-bg-image h-100 pix-img-scale pix-opacity-10 \" loading=\"lazy\" alt=\"Concrete\"><a href=\"https:\/\/guneyasinmaz.com.tr\/en\/?portfolio=beton\"  class=\"card-img-overlay2 d-inline-block w-100 pix-img-overlay pix-p-10 d-flex align-items-end\" style=\"min-height:400px;\"><div class=\"w-100\"><div class=\"card-content-box pix-p-20 rounded-lg w-100 shadow  bg-white d-flex justify-content-between align-items-center\"><h6 class=\"card-title font-weight-bold  text-heading-default m-0 w-100\" style=\"\">Concrete<\/h6><h6 class=\"pixicon-angle-right text-heading-default font-weight-bold\" style=\"\"><\/h6><\/div><\/div><\/a><\/div><\/div>[\/vc_column][vc_column width=&#8221;1\/3&#8243;]<div class=\"animate-in d-inline-block w-100\" data-anim-type=\"fade-in-up\" data-anim-delay=\"0\"><div class=\"card w-100 h-100 bg-heading-default bg-transparent  text-left w-100 d-inline-block pix-hover-item rounded-lg position-relative overflow-hidden text-white  text-left w-100 d-inline-block\" data-anim-type=\"fade-in-up\" data-anim-delay=\"0\" ><img decoding=\"async\" src=\"https:\/\/guneyasinmaz.com.tr\/en\/wp-content\/plugins\/pixfort-core\/functions\/images\/loading.webp\" data-srcset=\"https:\/\/guneyasinmaz.com.tr\/en\/wp-content\/uploads\/2022\/01\/tarim-ve-ormancilik-hardox-300x169.jpeg 300w, https:\/\/guneyasinmaz.com.tr\/en\/wp-content\/uploads\/2022\/01\/tarim-ve-ormancilik-hardox.jpeg 720w\" data-src=\"https:\/\/guneyasinmaz.com.tr\/en\/wp-content\/uploads\/2022\/01\/tarim-ve-ormancilik-hardox.jpeg\" class=\"pix-lazy card-img pix-bg-image h-100 pix-img-scale pix-opacity-10 \" loading=\"lazy\" alt=\"Agriculture and Forestry\"><a href=\"https:\/\/guneyasinmaz.com.tr\/en\/?portfolio=tarim-ormancilik-ve-balikcilik\"  class=\"card-img-overlay2 d-inline-block w-100 pix-img-overlay pix-p-10 d-flex align-items-end\" style=\"min-height:400px;\"><div class=\"w-100\"><div class=\"card-content-box pix-p-20 rounded-lg w-100 shadow  bg-white d-flex justify-content-between align-items-center\"><h6 class=\"card-title font-weight-bold  text-heading-default m-0 w-100\" style=\"\">Agriculture and Forestry<\/h6><h6 class=\"pixicon-angle-right text-heading-default font-weight-bold\" style=\"\"><\/h6><\/div><\/div><\/a><\/div><\/div>[\/vc_column][\/vc_row][\/vc_section]<\/p>\n","protected":false},"excerpt":{"rendered":"[vc_section full_width=&#8221;stretch_row&#8221; pix_over_visibility=&#8221;&#8221; css=&#8221;.vc_custom_1590198525939{padding-top: 80px !important;padding-bottom: 80px !important;background-color: #ffffff !important;}&#8221;][vc_row content_placement=&#8221;middle&#8221; pix_particles_check=&#8221;&#8221; css=&#8221;.vc_custom_1590205541495{padding-bottom: 30px !important;}&#8221;][vc_column width=&#8221;1\/3&#8243; css=&#8221;.vc_custom_1561772161711{margin-top: 20px !important;margin-bottom: 20px !important;}&#8221;][\/vc_column][vc_column width=&#8221;2\/3&#8243; content_align=&#8221;text-right&#8221; el_class=&#8221;d-md-flex align-items-center&#8221;][\/vc_column][\/vc_row][vc_row pix_particles_check=&#8221;&#8221;][vc_column width=&#8221;1\/3&#8243;][\/vc_column][vc_column width=&#8221;1\/3&#8243;][\/vc_column][vc_column width=&#8221;1\/3&#8243;][\/vc_column][\/vc_row][vc_row pix_particles_check=&#8221;&#8221; css=&#8221;.vc_custom_1590205427856{padding-top: 20px !important;}&#8221;][vc_column width=&#8221;1\/3&#8243;][\/vc_column][vc_column width=&#8221;1\/3&#8243;][\/vc_column][vc_column width=&#8221;1\/3&#8243;][\/vc_column][\/vc_row][vc_row pix_particles_check=&#8221;&#8221; css=&#8221;.vc_custom_1590205427856{padding-top: 20px !important;}&#8221;][vc_column&#8230;","protected":false},"author":1,"featured_media":0,"parent":0,"menu_order":0,"comment_status":"closed","ping_status":"closed","template":"templates\/template-full-width.php","meta":{"footnotes":""},"class_list":["post-13553","page","type-page","status-publish","hentry"],"yoast_head":"<!-- This site is optimized with the Yoast SEO plugin v24.7 - https:\/\/yoast.com\/wordpress\/plugins\/seo\/ -->\n<title>Industries - G&uuml;ney A\u015f\u0131nmaz Metal Mak. San. ve Tic. A.\u015e. Hardox<\/title>\n<meta name=\"description\" content=\"Hardox ve Strenx Sac Stoklar\u0131m\u0131zla M\u00fc\u015fterilerimize Hizmet Veriyoruz, Hardox 400, Hardox 450, Hardox 500, Hardox 550, Hardox 600 ve Strenx Sac\" \/>\n<meta name=\"robots\" content=\"index, follow, max-snippet:-1, max-image-preview:large, max-video-preview:-1\" \/>\n<link rel=\"canonical\" href=\"https:\/\/guneyasinmaz.com.tr\/en\/?page_id=13553\" \/>\n<meta property=\"og:locale\" content=\"tr_TR\" \/>\n<meta property=\"og:type\" content=\"article\" \/>\n<meta property=\"og:title\" content=\"Industries - G&uuml;ney A\u015f\u0131nmaz Metal Mak. San. ve Tic. A.\u015e. Hardox\" \/>\n<meta property=\"og:description\" content=\"Hardox ve Strenx Sac Stoklar\u0131m\u0131zla M\u00fc\u015fterilerimize Hizmet Veriyoruz, Hardox 400, Hardox 450, Hardox 500, Hardox 550, Hardox 600 ve Strenx Sac\" \/>\n<meta property=\"og:url\" content=\"https:\/\/guneyasinmaz.com.tr\/en\/?page_id=13553\" \/>\n<meta property=\"og:site_name\" content=\"G&uuml;ney A\u015f\u0131nmaz Metal Mak. San. ve Tic. A.\u015e. Hardox\" \/>\n<meta property=\"article:modified_time\" content=\"2022-10-26T21:31:14+00:00\" \/>\n<meta name=\"twitter:card\" content=\"summary_large_image\" \/>\n<meta name=\"twitter:label1\" content=\"Tahmini okuma s\u00fcresi\" \/>\n\t<meta name=\"twitter:data1\" content=\"3 dakika\" \/>\n<script type=\"application\/ld+json\" class=\"yoast-schema-graph\">{\"@context\":\"https:\/\/schema.org\",\"@graph\":[{\"@type\":\"WebPage\",\"@id\":\"https:\/\/guneyasinmaz.com.tr\/en\/?page_id=13553\",\"url\":\"https:\/\/guneyasinmaz.com.tr\/en\/?page_id=13553\",\"name\":\"Industries - G&uuml;ney A\u015f\u0131nmaz Metal Mak. San. ve Tic. A.\u015e. Hardox\",\"isPartOf\":{\"@id\":\"https:\/\/guneyasinmaz.com.tr\/en\/#website\"},\"datePublished\":\"2022-01-10T22:07:07+00:00\",\"dateModified\":\"2022-10-26T21:31:14+00:00\",\"description\":\"Hardox ve Strenx Sac Stoklar\u0131m\u0131zla M\u00fc\u015fterilerimize Hizmet Veriyoruz, Hardox 400, Hardox 450, Hardox 500, Hardox 550, Hardox 600 ve Strenx Sac\",\"breadcrumb\":{\"@id\":\"https:\/\/guneyasinmaz.com.tr\/en\/?page_id=13553#breadcrumb\"},\"inLanguage\":\"tr\",\"potentialAction\":[{\"@type\":\"ReadAction\",\"target\":[\"https:\/\/guneyasinmaz.com.tr\/en\/?page_id=13553\"]}]},{\"@type\":\"BreadcrumbList\",\"@id\":\"https:\/\/guneyasinmaz.com.tr\/en\/?page_id=13553#breadcrumb\",\"itemListElement\":[{\"@type\":\"ListItem\",\"position\":1,\"name\":\"Home\",\"item\":\"https:\/\/guneyasinmaz.com.tr\/en\/\"},{\"@type\":\"ListItem\",\"position\":2,\"name\":\"Industries\"}]},{\"@type\":\"WebSite\",\"@id\":\"https:\/\/guneyasinmaz.com.tr\/en\/#website\",\"url\":\"https:\/\/guneyasinmaz.com.tr\/en\/\",\"name\":\"G&uuml;ney A\u015f\u0131nmaz Metal Mak. San. ve Tic. A.\u015e. Hardox\",\"description\":\"Hardox Strenx A\u015f\u0131nmaya kar\u015f\u0131 m&uuml;cadelenizde ihtiyac\u0131n\u0131z olabilecek her t&uuml;rl&uuml; &uuml;r&uuml;n ve hizmet ile yan\u0131n\u0131zday\u0131z. A\u015f\u0131nma par&ccedil;alar\u0131 i&ccedil;in sundu\u011fumuz &ccedil;&ouml;z&uuml;mler, a\u015f\u0131nmaya maruz kalan t&uuml;m uygulamalar\u0131n\u0131za maksimum performans ve &uuml;st&uuml;n hizmet &ouml;mr&uuml; sa\u011flayacakt\u0131r.\",\"potentialAction\":[{\"@type\":\"SearchAction\",\"target\":{\"@type\":\"EntryPoint\",\"urlTemplate\":\"https:\/\/guneyasinmaz.com.tr\/en\/?s={search_term_string}\"},\"query-input\":{\"@type\":\"PropertyValueSpecification\",\"valueRequired\":true,\"valueName\":\"search_term_string\"}}],\"inLanguage\":\"tr\"}]}<\/script>\n<!-- \/ Yoast SEO plugin. -->","yoast_head_json":{"title":"Industries - G&uuml;ney A\u015f\u0131nmaz Metal Mak. San. ve Tic. A.\u015e. Hardox","description":"Hardox ve Strenx Sac Stoklar\u0131m\u0131zla M\u00fc\u015fterilerimize Hizmet Veriyoruz, Hardox 400, Hardox 450, Hardox 500, Hardox 550, Hardox 600 ve Strenx Sac","robots":{"index":"index","follow":"follow","max-snippet":"max-snippet:-1","max-image-preview":"max-image-preview:large","max-video-preview":"max-video-preview:-1"},"canonical":"https:\/\/guneyasinmaz.com.tr\/en\/?page_id=13553","og_locale":"tr_TR","og_type":"article","og_title":"Industries - G&uuml;ney A\u015f\u0131nmaz Metal Mak. San. ve Tic. A.\u015e. Hardox","og_description":"Hardox ve Strenx Sac Stoklar\u0131m\u0131zla M\u00fc\u015fterilerimize Hizmet Veriyoruz, Hardox 400, Hardox 450, Hardox 500, Hardox 550, Hardox 600 ve Strenx Sac","og_url":"https:\/\/guneyasinmaz.com.tr\/en\/?page_id=13553","og_site_name":"G&uuml;ney A\u015f\u0131nmaz Metal Mak. San. ve Tic. A.\u015e. Hardox","article_modified_time":"2022-10-26T21:31:14+00:00","twitter_card":"summary_large_image","twitter_misc":{"Tahmini okuma s\u00fcresi":"3 dakika"},"schema":{"@context":"https:\/\/schema.org","@graph":[{"@type":"WebPage","@id":"https:\/\/guneyasinmaz.com.tr\/en\/?page_id=13553","url":"https:\/\/guneyasinmaz.com.tr\/en\/?page_id=13553","name":"Industries - G&uuml;ney A\u015f\u0131nmaz Metal Mak. San. ve Tic. A.\u015e. Hardox","isPartOf":{"@id":"https:\/\/guneyasinmaz.com.tr\/en\/#website"},"datePublished":"2022-01-10T22:07:07+00:00","dateModified":"2022-10-26T21:31:14+00:00","description":"Hardox ve Strenx Sac Stoklar\u0131m\u0131zla M\u00fc\u015fterilerimize Hizmet Veriyoruz, Hardox 400, Hardox 450, Hardox 500, Hardox 550, Hardox 600 ve Strenx Sac","breadcrumb":{"@id":"https:\/\/guneyasinmaz.com.tr\/en\/?page_id=13553#breadcrumb"},"inLanguage":"tr","potentialAction":[{"@type":"ReadAction","target":["https:\/\/guneyasinmaz.com.tr\/en\/?page_id=13553"]}]},{"@type":"BreadcrumbList","@id":"https:\/\/guneyasinmaz.com.tr\/en\/?page_id=13553#breadcrumb","itemListElement":[{"@type":"ListItem","position":1,"name":"Home","item":"https:\/\/guneyasinmaz.com.tr\/en\/"},{"@type":"ListItem","position":2,"name":"Industries"}]},{"@type":"WebSite","@id":"https:\/\/guneyasinmaz.com.tr\/en\/#website","url":"https:\/\/guneyasinmaz.com.tr\/en\/","name":"G&uuml;ney A\u015f\u0131nmaz Metal Mak. San. ve Tic. A.\u015e. Hardox","description":"Hardox Strenx A\u015f\u0131nmaya kar\u015f\u0131 m&uuml;cadelenizde ihtiyac\u0131n\u0131z olabilecek her t&uuml;rl&uuml; &uuml;r&uuml;n ve hizmet ile yan\u0131n\u0131zday\u0131z. A\u015f\u0131nma par&ccedil;alar\u0131 i&ccedil;in sundu\u011fumuz &ccedil;&ouml;z&uuml;mler, a\u015f\u0131nmaya maruz kalan t&uuml;m uygulamalar\u0131n\u0131za maksimum performans ve &uuml;st&uuml;n hizmet &ouml;mr&uuml; sa\u011flayacakt\u0131r.","potentialAction":[{"@type":"SearchAction","target":{"@type":"EntryPoint","urlTemplate":"https:\/\/guneyasinmaz.com.tr\/en\/?s={search_term_string}"},"query-input":{"@type":"PropertyValueSpecification","valueRequired":true,"valueName":"search_term_string"}}],"inLanguage":"tr"}]}},"_links":{"self":[{"href":"https:\/\/guneyasinmaz.com.tr\/en\/index.php?rest_route=\/wp\/v2\/pages\/13553","targetHints":{"allow":["GET"]}}],"collection":[{"href":"https:\/\/guneyasinmaz.com.tr\/en\/index.php?rest_route=\/wp\/v2\/pages"}],"about":[{"href":"https:\/\/guneyasinmaz.com.tr\/en\/index.php?rest_route=\/wp\/v2\/types\/page"}],"author":[{"embeddable":true,"href":"https:\/\/guneyasinmaz.com.tr\/en\/index.php?rest_route=\/wp\/v2\/users\/1"}],"replies":[{"embeddable":true,"href":"https:\/\/guneyasinmaz.com.tr\/en\/index.php?rest_route=%2Fwp%2Fv2%2Fcomments&post=13553"}],"version-history":[{"count":0,"href":"https:\/\/guneyasinmaz.com.tr\/en\/index.php?rest_route=\/wp\/v2\/pages\/13553\/revisions"}],"wp:attachment":[{"href":"https:\/\/guneyasinmaz.com.tr\/en\/index.php?rest_route=%2Fwp%2Fv2%2Fmedia&parent=13553"}],"curies":[{"name":"wp","href":"https:\/\/api.w.org\/{rel}","templated":true}]}}