{"id":14196,"date":"2022-01-18T14:22:59","date_gmt":"2022-01-18T14:22:59","guid":{"rendered":"https:\/\/guneyasinmaz.com.tr\/?page_id=14196"},"modified":"2022-04-17T09:11:47","modified_gmt":"2022-04-17T09:11:47","slug":"formpage","status":"publish","type":"page","link":"https:\/\/guneyasinmaz.com.tr\/en\/?page_id=14196","title":{"rendered":"FormPage"},"content":{"rendered":"<p>[vc_section full_width=&#8221;stretch_row&#8221; full_height=&#8221;yes&#8221; content_placement=&#8221;middle&#8221; video_bg=&#8221;yes&#8221; video_bg_url=&#8221;https:\/\/guneyasinmaz.com.tr\/en\/wp-content\/uploads\/2022\/02\/Hardox-Turkiye.mp4&#8243; pix_over_visibility=&#8221;&#8221; pix_overlay_color=&#8221;gray-9&#8243; pix_visibility=&#8221;1&#8243; css=&#8221;.vc_custom_1644149597599{padding-top: 100px !important;padding-bottom: 100px !important;background-color: #ffffff !important;}&#8221; b_custom_height=&#8221;100px&#8221; pix_overlay_opacity=&#8221;0.85&#8243; el_id=&#8221;pix_section_contact&#8221;][vc_row content_placement=&#8221;middle&#8221; pix_particles_check=&#8221;&#8221;][vc_column width=&#8221;1\/2&#8243;]<div id=\"sliding-text-148972121\" class=\"mb-3 text-left  vc_custom_1650186556926\"><h2 class=\"mb-32 pix-sliding-headline font-weight-bold secondary-font\" data-class=\"secondary-font text-white\" data-style=\"\">Contact Form<\/h2><\/div><div class=\"pix-el-text slide-in-container2 w-100   vc_custom_1650186570492\" ><div class=\"d-inline-block\" style=\"max-width:500px;\"><p class=\"text-18  text-light-opacity-7  \" ><span class=\"animate-in d-inline-block\" data-anim-delay=\"900\" data-anim-type=\"fade-in-up\">If you fill in the contact information and explanations, you will be contacted as soon as possible.<\/span><\/p><\/div><\/div><p class=\"wpcf7-contact-form-not-found\"><strong>Hata:<\/strong> \u0130leti\u015fim formu bulunamad\u0131.<\/p>[\/vc_column][vc_column width=&#8221;1\/2&#8243; css=&#8221;.vc_custom_1591761246251{padding-right: 30px !important;padding-left: 30px !important;}&#8221;]<a href=\"https:\/\/guneyasinmaz.com.tr\/en\/?page_id=13553\" ><div id=\"1642515999105-135259a4-01b0\" class=\"media  vc_custom_1650186615618\"><div class=\"rounded-circle mr-3 d-inline-block2 d-inline-flex align-items-center justify-content-center line-height-0 bg-white animate-in\" data-anim-type=\"fade-in-up\" data-anim-delay=\"200\" style=\" width:64.8px;height:64.8px;position:relative;text-align:center;\"><div class=\"text-gradient-primary\" style=\"display:inline-block;width:36px;height:36px;font-size:36px;\"><svg width=\"100%\" height=\"100%\" viewBox=\"0 0 24 24\" version=\"1.1\" xmlns=\"http:\/\/www.w3.org\/2000\/svg\" xmlns:xlink=\"http:\/\/www.w3.org\/1999\/xlink\"> <defs><\/defs> <g stroke=\"none\" stroke-width=\"1\" fill=\"none\" fill-rule=\"evenodd\"> <path d=\"M16.3740377,19.9389434 L22.2226499,11.1660251 C22.4524142,10.8213786 22.3592838,10.3557266 22.0146373,10.1259623 C21.8914367,10.0438285 21.7466809,10 21.5986122,10 L17,10 L17,4.47708173 C17,4.06286817 16.6642136,3.72708173 16.25,3.72708173 C15.9992351,3.72708173 15.7650616,3.85240758 15.6259623,4.06105658 L9.7773501,12.8339749 C9.54758575,13.1786214 9.64071616,13.6442734 9.98536267,13.8740377 C10.1085633,13.9561715 10.2533191,14 10.4013878,14 L15,14 L15,19.5229183 C15,19.9371318 15.3357864,20.2729183 15.75,20.2729183 C16.0007649,20.2729183 16.2349384,20.1475924 16.3740377,19.9389434 Z\" fill=\"#000000\"><\/path> <path d=\"M4.5,5 L9.5,5 C10.3284271,5 11,5.67157288 11,6.5 C11,7.32842712 10.3284271,8 9.5,8 L4.5,8 C3.67157288,8 3,7.32842712 3,6.5 C3,5.67157288 3.67157288,5 4.5,5 Z M4.5,17 L9.5,17 C10.3284271,17 11,17.6715729 11,18.5 C11,19.3284271 10.3284271,20 9.5,20 L4.5,20 C3.67157288,20 3,19.3284271 3,18.5 C3,17.6715729 3.67157288,17 4.5,17 Z M2.5,11 L6.5,11 C7.32842712,11 8,11.6715729 8,12.5 C8,13.3284271 7.32842712,14 6.5,14 L2.5,14 C1.67157288,14 1,13.3284271 1,12.5 C1,11.6715729 1.67157288,11 2.5,11 Z\" fill=\"#000000\" opacity=\"0.3\"><\/path> <\/g> <\/svg><\/div><\/div><div class=\"media-body\"><h5 class=\"font-weight-bold  secondary-font text-white animate-in \" style=\"padding-top:0px;\" data-anim-type=\"fade-in-up\" data-anim-delay=\"300\">Sectors we serve<\/h5><div class=\"text-light-opacity-5 text-18     animate-in\" style=\"padding-top:10px;\" data-anim-type=\"fade-in-up\" data-anim-delay=\"400\">For More Please Click Here<\/div><\/div><\/div><\/a><a href=\"https:\/\/guneyasinmaz.com.tr\/en\/?page_id=13437\" ><div id=\"1642515999186-c61f401a-c924\" class=\"media  vc_custom_1650186657096\"><div class=\"rounded-circle mr-3 d-inline-block2 d-inline-flex align-items-center justify-content-center line-height-0 bg-white animate-in\" data-anim-type=\"fade-in-up\" data-anim-delay=\"400\" style=\" width:64.8px;height:64.8px;position:relative;text-align:center;\"><div class=\"text-gradient-primary\" style=\"display:inline-block;width:36px;height:36px;font-size:36px;\"><svg width=\"100%\" height=\"100%\" viewBox=\"0 0 24 24\" version=\"1.1\" xmlns=\"http:\/\/www.w3.org\/2000\/svg\" xmlns:xlink=\"http:\/\/www.w3.org\/1999\/xlink\"> <defs><\/defs> <g stroke=\"none\" stroke-width=\"1\" fill=\"none\" fill-rule=\"evenodd\"> <path d=\"M14.1124454,7.00625159 C14.0755336,7.00212117 14.0380145,7 14,7 L10,7 C9.96198549,7 9.92446641,7.00212117 9.88755465,7.00625159 L7.34761705,4.55799196 C6.95060373,4.17530866 6.9382927,3.54346816 7.32009765,3.14561006 L8.41948359,2 L15.5805164,2 L16.6799023,3.14561006 C17.0617073,3.54346816 17.0493963,4.17530866 16.6523829,4.55799196 L14.1124454,7.00625159 Z\" fill=\"#000000\"><\/path> <path d=\"M13.7640285,9 L15.4853424,18.1494183 C15.5450675,18.4668794 15.4477627,18.7936387 15.2240963,19.0267093 L12.7215131,21.6345146 C12.7120098,21.6444174 12.7023037,21.6541236 12.6924008,21.6636269 C12.2939201,22.0460293 11.6608893,22.0329953 11.2784869,21.6345146 L8.77590372,19.0267093 C8.55223728,18.7936387 8.45493249,18.4668794 8.5146576,18.1494183 L10.2359715,9 L13.7640285,9 Z\" fill=\"#000000\" opacity=\"0.3\"><\/path> <\/g> <\/svg><\/div><\/div><div class=\"media-body\"><h5 class=\"font-weight-bold  secondary-font text-white animate-in \" style=\"padding-top:0px;\" data-anim-type=\"fade-in-up\" data-anim-delay=\"500\">Our Products<\/h5><div class=\"text-light-opacity-5 text-18     animate-in\" style=\"padding-top:10px;\" data-anim-type=\"fade-in-up\" data-anim-delay=\"600\">Please Click For Pictures Of Our Special Works<\/div><\/div><\/div><\/a><a href=\"https:\/\/guneyasinmaz.com.tr\/en\/?page_id=2923\" ><div id=\"1642515999295-3d488665-7cdc\" class=\"media  vc_custom_1650186701399\"><div class=\"rounded-circle mr-3 d-inline-block2 d-inline-flex align-items-center justify-content-center line-height-0 bg-white animate-in\" data-anim-type=\"fade-in-up\" data-anim-delay=\"600\" style=\" width:64.8px;height:64.8px;position:relative;text-align:center;\"><div class=\"text-gradient-primary\" style=\"display:inline-block;width:36px;height:36px;font-size:36px;\"><svg width=\"100%\" height=\"100%\" viewBox=\"0 0 24 24\" version=\"1.1\" xmlns=\"http:\/\/www.w3.org\/2000\/svg\" xmlns:xlink=\"http:\/\/www.w3.org\/1999\/xlink\"> <defs><\/defs> <g stroke=\"none\" stroke-width=\"1\" fill=\"none\" fill-rule=\"evenodd\"> <path d=\"M4.00246329,12.2004927 L13,14 L13,4.06189375 C16.9463116,4.55399184 20,7.92038235 20,12 C20,16.418278 16.418278,20 12,20 C7.64874861,20 4.10886412,16.5261253 4.00246329,12.2004927 Z\" fill=\"#000000\" opacity=\"0.3\"><\/path> <path d=\"M3.0603968,10.0120794 C3.54712466,6.05992157 6.91622084,3 11,3 L11,11.6 L3.0603968,10.0120794 Z\" fill=\"#000000\"><\/path> <\/g> <\/svg><\/div><\/div><div class=\"media-body\"><h5 class=\"font-weight-bold  secondary-font text-white animate-in \" style=\"padding-top:0px;\" data-anim-type=\"fade-in-up\" data-anim-delay=\"700\">Contact<\/h5><div class=\"text-light-opacity-5 text-18     animate-in\" style=\"padding-top:10px;\" data-anim-type=\"fade-in-up\" data-anim-delay=\"800\">Please Click To Contact Us<\/div><\/div><\/div><\/a>[\/vc_column][\/vc_row][\/vc_section]<\/p>\n","protected":false},"excerpt":{"rendered":"[vc_section full_width=&#8221;stretch_row&#8221; full_height=&#8221;yes&#8221; content_placement=&#8221;middle&#8221; video_bg=&#8221;yes&#8221; video_bg_url=&#8221;https:\/\/guneyasinmaz.com.tr\/en\/wp-content\/uploads\/2022\/02\/Hardox-Turkiye.mp4&#8243; pix_over_visibility=&#8221;&#8221; pix_overlay_color=&#8221;gray-9&#8243; pix_visibility=&#8221;1&#8243; css=&#8221;.vc_custom_1644149597599{padding-top: 100px !important;padding-bottom: 100px !important;background-color: #ffffff !important;}&#8221; b_custom_height=&#8221;100px&#8221; pix_overlay_opacity=&#8221;0.85&#8243; el_id=&#8221;pix_section_contact&#8221;][vc_row content_placement=&#8221;middle&#8221; pix_particles_check=&#8221;&#8221;][vc_column width=&#8221;1\/2&#8243;][\/vc_column][vc_column width=&#8221;1\/2&#8243; css=&#8221;.vc_custom_1591761246251{padding-right: 30px !important;padding-left: 30px !important;}&#8221;][\/vc_column][\/vc_row][\/vc_section]","protected":false},"author":1,"featured_media":0,"parent":0,"menu_order":0,"comment_status":"closed","ping_status":"closed","template":"","meta":{"footnotes":""},"class_list":["post-14196","page","type-page","status-publish","hentry"],"yoast_head":"<!-- This site is optimized with the Yoast SEO plugin v24.7 - https:\/\/yoast.com\/wordpress\/plugins\/seo\/ -->\n<title>FormPage - G&uuml;ney A\u015f\u0131nmaz Metal Mak. San. ve Tic. A.\u015e. Hardox<\/title>\n<meta name=\"description\" content=\"Hardox ve Strenx Sac Stoklar\u0131m\u0131zla M\u00fc\u015fterilerimize Hizmet Veriyoruz, Hardox 400, Hardox 450, Hardox 500, Hardox 550, Hardox 600 ve Strenx Sac\" \/>\n<meta name=\"robots\" content=\"index, follow, max-snippet:-1, max-image-preview:large, max-video-preview:-1\" \/>\n<link rel=\"canonical\" href=\"https:\/\/guneyasinmaz.com.tr\/en\/?page_id=14196\" \/>\n<meta property=\"og:locale\" content=\"tr_TR\" \/>\n<meta property=\"og:type\" content=\"article\" \/>\n<meta property=\"og:title\" content=\"FormPage - G&uuml;ney A\u015f\u0131nmaz Metal Mak. San. ve Tic. A.\u015e. Hardox\" \/>\n<meta property=\"og:description\" content=\"Hardox ve Strenx Sac Stoklar\u0131m\u0131zla M\u00fc\u015fterilerimize Hizmet Veriyoruz, Hardox 400, Hardox 450, Hardox 500, Hardox 550, Hardox 600 ve Strenx Sac\" \/>\n<meta property=\"og:url\" content=\"https:\/\/guneyasinmaz.com.tr\/en\/?page_id=14196\" \/>\n<meta property=\"og:site_name\" content=\"G&uuml;ney A\u015f\u0131nmaz Metal Mak. San. ve Tic. A.\u015e. Hardox\" \/>\n<meta property=\"article:modified_time\" content=\"2022-04-17T09:11:47+00:00\" \/>\n<meta name=\"twitter:card\" content=\"summary_large_image\" \/>\n<meta name=\"twitter:label1\" content=\"Tahmini okuma s\u00fcresi\" \/>\n\t<meta name=\"twitter:data1\" content=\"2 dakika\" \/>\n<script type=\"application\/ld+json\" class=\"yoast-schema-graph\">{\"@context\":\"https:\/\/schema.org\",\"@graph\":[{\"@type\":\"WebPage\",\"@id\":\"https:\/\/guneyasinmaz.com.tr\/en\/?page_id=14196\",\"url\":\"https:\/\/guneyasinmaz.com.tr\/en\/?page_id=14196\",\"name\":\"FormPage - G&uuml;ney A\u015f\u0131nmaz Metal Mak. San. ve Tic. A.\u015e. Hardox\",\"isPartOf\":{\"@id\":\"https:\/\/guneyasinmaz.com.tr\/en\/#website\"},\"datePublished\":\"2022-01-18T14:22:59+00:00\",\"dateModified\":\"2022-04-17T09:11:47+00:00\",\"description\":\"Hardox ve Strenx Sac Stoklar\u0131m\u0131zla M\u00fc\u015fterilerimize Hizmet Veriyoruz, Hardox 400, Hardox 450, Hardox 500, Hardox 550, Hardox 600 ve Strenx Sac\",\"breadcrumb\":{\"@id\":\"https:\/\/guneyasinmaz.com.tr\/en\/?page_id=14196#breadcrumb\"},\"inLanguage\":\"tr\",\"potentialAction\":[{\"@type\":\"ReadAction\",\"target\":[\"https:\/\/guneyasinmaz.com.tr\/en\/?page_id=14196\"]}]},{\"@type\":\"BreadcrumbList\",\"@id\":\"https:\/\/guneyasinmaz.com.tr\/en\/?page_id=14196#breadcrumb\",\"itemListElement\":[{\"@type\":\"ListItem\",\"position\":1,\"name\":\"Home\",\"item\":\"https:\/\/guneyasinmaz.com.tr\/en\/\"},{\"@type\":\"ListItem\",\"position\":2,\"name\":\"FormPage\"}]},{\"@type\":\"WebSite\",\"@id\":\"https:\/\/guneyasinmaz.com.tr\/en\/#website\",\"url\":\"https:\/\/guneyasinmaz.com.tr\/en\/\",\"name\":\"G&uuml;ney A\u015f\u0131nmaz Metal Mak. San. ve Tic. A.\u015e. Hardox\",\"description\":\"Hardox Strenx A\u015f\u0131nmaya kar\u015f\u0131 m&uuml;cadelenizde ihtiyac\u0131n\u0131z olabilecek her t&uuml;rl&uuml; &uuml;r&uuml;n ve hizmet ile yan\u0131n\u0131zday\u0131z. A\u015f\u0131nma par&ccedil;alar\u0131 i&ccedil;in sundu\u011fumuz &ccedil;&ouml;z&uuml;mler, a\u015f\u0131nmaya maruz kalan t&uuml;m uygulamalar\u0131n\u0131za maksimum performans ve &uuml;st&uuml;n hizmet &ouml;mr&uuml; sa\u011flayacakt\u0131r.\",\"potentialAction\":[{\"@type\":\"SearchAction\",\"target\":{\"@type\":\"EntryPoint\",\"urlTemplate\":\"https:\/\/guneyasinmaz.com.tr\/en\/?s={search_term_string}\"},\"query-input\":{\"@type\":\"PropertyValueSpecification\",\"valueRequired\":true,\"valueName\":\"search_term_string\"}}],\"inLanguage\":\"tr\"}]}<\/script>\n<!-- \/ Yoast SEO plugin. -->","yoast_head_json":{"title":"FormPage - G&uuml;ney A\u015f\u0131nmaz Metal Mak. San. ve Tic. A.\u015e. Hardox","description":"Hardox ve Strenx Sac Stoklar\u0131m\u0131zla M\u00fc\u015fterilerimize Hizmet Veriyoruz, Hardox 400, Hardox 450, Hardox 500, Hardox 550, Hardox 600 ve Strenx Sac","robots":{"index":"index","follow":"follow","max-snippet":"max-snippet:-1","max-image-preview":"max-image-preview:large","max-video-preview":"max-video-preview:-1"},"canonical":"https:\/\/guneyasinmaz.com.tr\/en\/?page_id=14196","og_locale":"tr_TR","og_type":"article","og_title":"FormPage - G&uuml;ney A\u015f\u0131nmaz Metal Mak. San. ve Tic. A.\u015e. Hardox","og_description":"Hardox ve Strenx Sac Stoklar\u0131m\u0131zla M\u00fc\u015fterilerimize Hizmet Veriyoruz, Hardox 400, Hardox 450, Hardox 500, Hardox 550, Hardox 600 ve Strenx Sac","og_url":"https:\/\/guneyasinmaz.com.tr\/en\/?page_id=14196","og_site_name":"G&uuml;ney A\u015f\u0131nmaz Metal Mak. San. ve Tic. A.\u015e. Hardox","article_modified_time":"2022-04-17T09:11:47+00:00","twitter_card":"summary_large_image","twitter_misc":{"Tahmini okuma s\u00fcresi":"2 dakika"},"schema":{"@context":"https:\/\/schema.org","@graph":[{"@type":"WebPage","@id":"https:\/\/guneyasinmaz.com.tr\/en\/?page_id=14196","url":"https:\/\/guneyasinmaz.com.tr\/en\/?page_id=14196","name":"FormPage - G&uuml;ney A\u015f\u0131nmaz Metal Mak. San. ve Tic. A.\u015e. Hardox","isPartOf":{"@id":"https:\/\/guneyasinmaz.com.tr\/en\/#website"},"datePublished":"2022-01-18T14:22:59+00:00","dateModified":"2022-04-17T09:11:47+00:00","description":"Hardox ve Strenx Sac Stoklar\u0131m\u0131zla M\u00fc\u015fterilerimize Hizmet Veriyoruz, Hardox 400, Hardox 450, Hardox 500, Hardox 550, Hardox 600 ve Strenx Sac","breadcrumb":{"@id":"https:\/\/guneyasinmaz.com.tr\/en\/?page_id=14196#breadcrumb"},"inLanguage":"tr","potentialAction":[{"@type":"ReadAction","target":["https:\/\/guneyasinmaz.com.tr\/en\/?page_id=14196"]}]},{"@type":"BreadcrumbList","@id":"https:\/\/guneyasinmaz.com.tr\/en\/?page_id=14196#breadcrumb","itemListElement":[{"@type":"ListItem","position":1,"name":"Home","item":"https:\/\/guneyasinmaz.com.tr\/en\/"},{"@type":"ListItem","position":2,"name":"FormPage"}]},{"@type":"WebSite","@id":"https:\/\/guneyasinmaz.com.tr\/en\/#website","url":"https:\/\/guneyasinmaz.com.tr\/en\/","name":"G&uuml;ney A\u015f\u0131nmaz Metal Mak. San. ve Tic. A.\u015e. Hardox","description":"Hardox Strenx A\u015f\u0131nmaya kar\u015f\u0131 m&uuml;cadelenizde ihtiyac\u0131n\u0131z olabilecek her t&uuml;rl&uuml; &uuml;r&uuml;n ve hizmet ile yan\u0131n\u0131zday\u0131z. A\u015f\u0131nma par&ccedil;alar\u0131 i&ccedil;in sundu\u011fumuz &ccedil;&ouml;z&uuml;mler, a\u015f\u0131nmaya maruz kalan t&uuml;m uygulamalar\u0131n\u0131za maksimum performans ve &uuml;st&uuml;n hizmet &ouml;mr&uuml; sa\u011flayacakt\u0131r.","potentialAction":[{"@type":"SearchAction","target":{"@type":"EntryPoint","urlTemplate":"https:\/\/guneyasinmaz.com.tr\/en\/?s={search_term_string}"},"query-input":{"@type":"PropertyValueSpecification","valueRequired":true,"valueName":"search_term_string"}}],"inLanguage":"tr"}]}},"_links":{"self":[{"href":"https:\/\/guneyasinmaz.com.tr\/en\/index.php?rest_route=\/wp\/v2\/pages\/14196","targetHints":{"allow":["GET"]}}],"collection":[{"href":"https:\/\/guneyasinmaz.com.tr\/en\/index.php?rest_route=\/wp\/v2\/pages"}],"about":[{"href":"https:\/\/guneyasinmaz.com.tr\/en\/index.php?rest_route=\/wp\/v2\/types\/page"}],"author":[{"embeddable":true,"href":"https:\/\/guneyasinmaz.com.tr\/en\/index.php?rest_route=\/wp\/v2\/users\/1"}],"replies":[{"embeddable":true,"href":"https:\/\/guneyasinmaz.com.tr\/en\/index.php?rest_route=%2Fwp%2Fv2%2Fcomments&post=14196"}],"version-history":[{"count":0,"href":"https:\/\/guneyasinmaz.com.tr\/en\/index.php?rest_route=\/wp\/v2\/pages\/14196\/revisions"}],"wp:attachment":[{"href":"https:\/\/guneyasinmaz.com.tr\/en\/index.php?rest_route=%2Fwp%2Fv2%2Fmedia&parent=14196"}],"curies":[{"name":"wp","href":"https:\/\/api.w.org\/{rel}","templated":true}]}}