{"id":14482,"date":"2022-02-05T10:41:39","date_gmt":"2022-02-05T10:41:39","guid":{"rendered":"https:\/\/guneyasinmaz.com.tr\/?page_id=14242"},"modified":"2022-10-26T21:35:43","modified_gmt":"2022-10-26T21:35:43","slug":"products","status":"publish","type":"page","link":"https:\/\/guneyasinmaz.com.tr\/en\/?page_id=14482","title":{"rendered":"Products"},"content":{"rendered":"<p>[vc_section full_width=&#8221;stretch_row&#8221; pix_over_visibility=&#8221;&#8221; css=&#8221;.vc_custom_1590198525939{padding-top: 80px !important;padding-bottom: 80px !important;background-color: #ffffff !important;}&#8221;][vc_row content_placement=&#8221;middle&#8221; pix_particles_check=&#8221;&#8221; css=&#8221;.vc_custom_1590205541495{padding-bottom: 30px !important;}&#8221;][vc_column width=&#8221;1\/3&#8243; css=&#8221;.vc_custom_1561772161711{margin-top: 20px !important;margin-bottom: 20px !important;}&#8221;]<div id=\"sliding-text-88588531\" class=\"mb-3 text-left \"><h4 class=\"mb-32 pix-sliding-headline font-weight-bold secondary-font\" data-class=\"secondary-font text-heading-default\" data-style=\"\">Our Supported Products<\/h4><\/div>[\/vc_column][vc_column width=&#8221;2\/3&#8243; content_align=&#8221;text-right&#8221; el_class=&#8221;d-md-flex align-items-center&#8221;]<a  href=\"https:\/\/guneyasinmaz.com.tr\/en\/?page_id=13437\" class=\"btn mb-2     btn-primary-light d-inline-block pix-hover-item      btn-rounded animate-in btn-md\"   data-anim-type=\"fade-in-left\" data-anim-delay=\"800\" ><span class=\"font-weight-bold \" >Visit the Page for Our Special Productions<\/span> <i class=\"font-weight-bold pixicon-arrow-right2  pix-hover-right  ml-1\"><\/i><\/a>[\/vc_column][\/vc_row][vc_row pix_particles_check=&#8221;&#8221;][vc_column width=&#8221;1\/3&#8243;]<div class=\"animate-in d-inline-block w-100\" data-anim-type=\"fade-in-up\" data-anim-delay=\"0\"><div class=\"card w-100 h-100 bg-heading-default bg-transparent  shadow text-left w-100 d-inline-block pix-hover-item rounded-lg position-relative overflow-hidden text-white  shadow text-left w-100 d-inline-block\" data-anim-type=\"fade-in-up\" data-anim-delay=\"0\" ><img decoding=\"async\" src=\"https:\/\/guneyasinmaz.com.tr\/en\/wp-content\/plugins\/pixfort-core\/functions\/images\/loading.webp\" data-srcset=\"https:\/\/guneyasinmaz.com.tr\/en\/wp-content\/uploads\/2022\/02\/Hardox-400-300x169.jpeg 300w, https:\/\/guneyasinmaz.com.tr\/en\/wp-content\/uploads\/2022\/02\/Hardox-400.jpeg 600w\" data-src=\"https:\/\/guneyasinmaz.com.tr\/en\/wp-content\/uploads\/2022\/02\/Hardox-400.jpeg\" class=\"pix-lazy card-img pix-bg-image h-100 pix-img-scale pix-opacity-10 \" loading=\"lazy\" alt=\"Hardox\u00ae 400\"><a href=\"https:\/\/guneyasinmaz.com.tr\/en\/?portfolio=hardox-400\"  class=\"card-img-overlay2 d-inline-block w-100 pix-img-overlay pix-p-10 d-flex align-items-end\" style=\"min-height:400px;\"><div class=\"w-100\"><div class=\"card-content-box pix-p-20 rounded-lg w-100 shadow  bg-white d-flex justify-content-between align-items-center\"><h6 class=\"card-title font-weight-bold  text-heading-default m-0 w-100\" style=\"\">Hardox\u00ae 400<\/h6><h6 class=\"pixicon-angle-right text-heading-default font-weight-bold\" style=\"\"><\/h6><\/div><\/div><\/a><\/div><\/div>[\/vc_column][vc_column width=&#8221;1\/3&#8243;]<div class=\"animate-in d-inline-block w-100\" data-anim-type=\"fade-in-up\" data-anim-delay=\"0\"><div class=\"card w-100 h-100 bg-heading-default bg-transparent  text-left w-100 d-inline-block pix-hover-item rounded-lg position-relative overflow-hidden text-white  text-left w-100 d-inline-block\" data-anim-type=\"fade-in-up\" data-anim-delay=\"0\" ><img decoding=\"async\" src=\"https:\/\/guneyasinmaz.com.tr\/en\/wp-content\/plugins\/pixfort-core\/functions\/images\/loading.webp\" data-srcset=\"https:\/\/guneyasinmaz.com.tr\/en\/wp-content\/uploads\/2022\/02\/Hardox-450-300x200.jpeg 300w, https:\/\/guneyasinmaz.com.tr\/en\/wp-content\/uploads\/2022\/02\/Hardox-450.jpeg 553w\" data-src=\"https:\/\/guneyasinmaz.com.tr\/en\/wp-content\/uploads\/2022\/02\/Hardox-450.jpeg\" class=\"pix-lazy card-img pix-bg-image h-100 pix-img-scale pix-opacity-10 \" loading=\"lazy\" alt=\"Hardox\u00ae 450\"><a href=\"https:\/\/guneyasinmaz.com.tr\/en\/?portfolio=hardox-450\"  class=\"card-img-overlay2 d-inline-block w-100 pix-img-overlay pix-p-10 d-flex align-items-end\" style=\"min-height:400px;\"><div class=\"w-100\"><div class=\"card-content-box pix-p-20 rounded-lg w-100 shadow  bg-white d-flex justify-content-between align-items-center\"><h6 class=\"card-title font-weight-bold  text-heading-default m-0 w-100\" style=\"\">Hardox\u00ae 450<\/h6><h6 class=\"pixicon-angle-right text-heading-default font-weight-bold\" style=\"\"><\/h6><\/div><\/div><\/a><\/div><\/div>[\/vc_column][vc_column width=&#8221;1\/3&#8243;]<div class=\"animate-in d-inline-block w-100\" data-anim-type=\"fade-in-up\" data-anim-delay=\"0\"><div class=\"card w-100 h-100 bg-heading-default bg-transparent  text-left w-100 d-inline-block pix-hover-item rounded-lg position-relative overflow-hidden text-white  text-left w-100 d-inline-block\" data-anim-type=\"fade-in-up\" data-anim-delay=\"0\" ><img decoding=\"async\" src=\"https:\/\/guneyasinmaz.com.tr\/en\/wp-content\/plugins\/pixfort-core\/functions\/images\/loading.webp\" data-srcset=\"https:\/\/guneyasinmaz.com.tr\/en\/wp-content\/uploads\/2022\/02\/Hardox-500-300x169.jpeg 300w, https:\/\/guneyasinmaz.com.tr\/en\/wp-content\/uploads\/2022\/02\/Hardox-500.jpeg 600w\" data-src=\"https:\/\/guneyasinmaz.com.tr\/en\/wp-content\/uploads\/2022\/02\/Hardox-500.jpeg\" class=\"pix-lazy card-img pix-bg-image h-100 pix-img-scale pix-opacity-10 \" loading=\"lazy\" alt=\"Hardox\u00ae 500\"><a href=\"https:\/\/guneyasinmaz.com.tr\/en\/?portfolio=hardox-500\"  class=\"card-img-overlay2 d-inline-block w-100 pix-img-overlay pix-p-10 d-flex align-items-end\" style=\"min-height:400px;\"><div class=\"w-100\"><div class=\"card-content-box pix-p-20 rounded-lg w-100 shadow  bg-white d-flex justify-content-between align-items-center\"><h6 class=\"card-title font-weight-bold  text-heading-default m-0 w-100\" style=\"\">Hardox\u00ae 500<\/h6><h6 class=\"pixicon-angle-right text-heading-default font-weight-bold\" style=\"\"><\/h6><\/div><\/div><\/a><\/div><\/div>[\/vc_column][\/vc_row][vc_row pix_particles_check=&#8221;&#8221; css=&#8221;.vc_custom_1590205427856{padding-top: 20px !important;}&#8221;][vc_column width=&#8221;1\/3&#8243;]<div class=\"animate-in d-inline-block w-100\" data-anim-type=\"fade-in-up\" data-anim-delay=\"0\"><div class=\"card w-100 h-100 bg-heading-default bg-transparent  text-left w-100 d-inline-block pix-hover-item rounded-lg position-relative overflow-hidden text-white  text-left w-100 d-inline-block\" data-anim-type=\"fade-in-up\" data-anim-delay=\"0\" ><img decoding=\"async\" src=\"https:\/\/guneyasinmaz.com.tr\/en\/wp-content\/plugins\/pixfort-core\/functions\/images\/loading.webp\" data-srcset=\"https:\/\/guneyasinmaz.com.tr\/en\/wp-content\/uploads\/2022\/02\/Hardox-550-225x300.jpeg 225w, https:\/\/guneyasinmaz.com.tr\/en\/wp-content\/uploads\/2022\/02\/Hardox-550-768x1024.jpeg 768w, https:\/\/guneyasinmaz.com.tr\/en\/wp-content\/uploads\/2022\/02\/Hardox-550-1152x1536.jpeg 1152w, https:\/\/guneyasinmaz.com.tr\/en\/wp-content\/uploads\/2022\/02\/Hardox-550.jpeg 1200w\" data-src=\"https:\/\/guneyasinmaz.com.tr\/en\/wp-content\/uploads\/2022\/02\/Hardox-550.jpeg\" class=\"pix-lazy card-img pix-bg-image h-100 pix-img-scale pix-opacity-10 \" loading=\"lazy\" alt=\"Hardox\u00ae 550\"><a href=\"https:\/\/guneyasinmaz.com.tr\/en\/?portfolio=hardox-550\"  class=\"card-img-overlay2 d-inline-block w-100 pix-img-overlay pix-p-10 d-flex align-items-end\" style=\"min-height:400px;\"><div class=\"w-100\"><div class=\"card-content-box pix-p-20 rounded-lg w-100 shadow  bg-white d-flex justify-content-between align-items-center\"><h6 class=\"card-title font-weight-bold  text-heading-default m-0 w-100\" style=\"\">Hardox\u00ae 550<\/h6><h6 class=\"pixicon-angle-right text-heading-default font-weight-bold\" style=\"\"><\/h6><\/div><\/div><\/a><\/div><\/div>[\/vc_column][vc_column width=&#8221;1\/3&#8243;]<div class=\"animate-in d-inline-block w-100\" data-anim-type=\"fade-in-up\" data-anim-delay=\"0\"><div class=\"card w-100 h-100 bg-heading-default bg-transparent  text-left w-100 d-inline-block pix-hover-item rounded-lg position-relative overflow-hidden text-white  text-left w-100 d-inline-block\" data-anim-type=\"fade-in-up\" data-anim-delay=\"0\" ><img decoding=\"async\" src=\"https:\/\/guneyasinmaz.com.tr\/en\/wp-content\/plugins\/pixfort-core\/functions\/images\/loading.webp\" data-srcset=\"https:\/\/guneyasinmaz.com.tr\/en\/wp-content\/uploads\/2022\/02\/Hardox-600-300x225.jpeg 300w, https:\/\/guneyasinmaz.com.tr\/en\/wp-content\/uploads\/2022\/02\/Hardox-600-1024x768.jpeg 1024w, https:\/\/guneyasinmaz.com.tr\/en\/wp-content\/uploads\/2022\/02\/Hardox-600-768x576.jpeg 768w, https:\/\/guneyasinmaz.com.tr\/en\/wp-content\/uploads\/2022\/02\/Hardox-600-1536x1152.jpeg 1536w, https:\/\/guneyasinmaz.com.tr\/en\/wp-content\/uploads\/2022\/02\/Hardox-600-600x450.jpeg 600w, https:\/\/guneyasinmaz.com.tr\/en\/wp-content\/uploads\/2022\/02\/Hardox-600.jpeg 1600w\" data-src=\"https:\/\/guneyasinmaz.com.tr\/en\/wp-content\/uploads\/2022\/02\/Hardox-600.jpeg\" class=\"pix-lazy card-img pix-bg-image h-100 pix-img-scale pix-opacity-10 \" loading=\"lazy\" alt=\"Hardox\u00ae 600\"><a href=\"https:\/\/guneyasinmaz.com.tr\/en\/?portfolio=hardox-600\"  class=\"card-img-overlay2 d-inline-block w-100 pix-img-overlay pix-p-10 d-flex align-items-end\" style=\"min-height:400px;\"><div class=\"w-100\"><div class=\"card-content-box pix-p-20 rounded-lg w-100 shadow  bg-white d-flex justify-content-between align-items-center\"><h6 class=\"card-title font-weight-bold  text-heading-default m-0 w-100\" style=\"\">Hardox\u00ae 600<\/h6><h6 class=\"pixicon-angle-right text-heading-default font-weight-bold\" style=\"\"><\/h6><\/div><\/div><\/a><\/div><\/div>[\/vc_column][vc_column width=&#8221;1\/3&#8243;]<div class=\"animate-in d-inline-block w-100\" data-anim-type=\"fade-in-up\" data-anim-delay=\"0\"><div class=\"card w-100 h-100 bg-heading-default bg-transparent  text-left w-100 d-inline-block pix-hover-item rounded-lg position-relative overflow-hidden text-white  text-left w-100 d-inline-block\" data-anim-type=\"fade-in-up\" data-anim-delay=\"0\" ><img decoding=\"async\" src=\"https:\/\/guneyasinmaz.com.tr\/en\/wp-content\/plugins\/pixfort-core\/functions\/images\/loading.webp\" data-srcset=\"https:\/\/guneyasinmaz.com.tr\/en\/wp-content\/uploads\/2022\/10\/Ekran-Resmi-2022-10-26-23.58.38-300x142.png 300w, https:\/\/guneyasinmaz.com.tr\/en\/wp-content\/uploads\/2022\/10\/Ekran-Resmi-2022-10-26-23.58.38-1024x485.png 1024w, https:\/\/guneyasinmaz.com.tr\/en\/wp-content\/uploads\/2022\/10\/Ekran-Resmi-2022-10-26-23.58.38-768x364.png 768w, https:\/\/guneyasinmaz.com.tr\/en\/wp-content\/uploads\/2022\/10\/Ekran-Resmi-2022-10-26-23.58.38.png 1280w\" data-src=\"https:\/\/guneyasinmaz.com.tr\/en\/wp-content\/uploads\/2022\/10\/Ekran-Resmi-2022-10-26-23.58.38.png\" class=\"pix-lazy card-img pix-bg-image h-100 pix-img-scale pix-opacity-10 \" loading=\"lazy\" alt=\"Strenx\u00ae 700\"><a href=\"https:\/\/guneyasinmaz.com.tr\/en\/?portfolio=strenx-700-e-f\"  class=\"card-img-overlay2 d-inline-block w-100 pix-img-overlay pix-p-10 d-flex align-items-end\" style=\"min-height:400px;\"><div class=\"w-100\"><div class=\"card-content-box pix-p-20 rounded-lg w-100 shadow  bg-white d-flex justify-content-between align-items-center\"><h6 class=\"card-title font-weight-bold  text-heading-default m-0 w-100\" style=\"\">Strenx\u00ae 700<\/h6><h6 class=\"pixicon-angle-right text-heading-default font-weight-bold\" style=\"\"><\/h6><\/div><\/div><\/a><\/div><\/div>[\/vc_column][\/vc_row][\/vc_section]<\/p>\n","protected":false},"excerpt":{"rendered":"[vc_section full_width=&#8221;stretch_row&#8221; pix_over_visibility=&#8221;&#8221; css=&#8221;.vc_custom_1590198525939{padding-top: 80px !important;padding-bottom: 80px !important;background-color: #ffffff !important;}&#8221;][vc_row content_placement=&#8221;middle&#8221; pix_particles_check=&#8221;&#8221; css=&#8221;.vc_custom_1590205541495{padding-bottom: 30px !important;}&#8221;][vc_column width=&#8221;1\/3&#8243; css=&#8221;.vc_custom_1561772161711{margin-top: 20px !important;margin-bottom: 20px !important;}&#8221;][\/vc_column][vc_column width=&#8221;2\/3&#8243; content_align=&#8221;text-right&#8221; el_class=&#8221;d-md-flex align-items-center&#8221;][\/vc_column][\/vc_row][vc_row pix_particles_check=&#8221;&#8221;][vc_column width=&#8221;1\/3&#8243;][\/vc_column][vc_column width=&#8221;1\/3&#8243;][\/vc_column][vc_column width=&#8221;1\/3&#8243;][\/vc_column][\/vc_row][vc_row pix_particles_check=&#8221;&#8221; css=&#8221;.vc_custom_1590205427856{padding-top: 20px !important;}&#8221;][vc_column width=&#8221;1\/3&#8243;][\/vc_column][vc_column width=&#8221;1\/3&#8243;][\/vc_column][vc_column width=&#8221;1\/3&#8243;][\/vc_column][\/vc_row][\/vc_section]","protected":false},"author":1,"featured_media":0,"parent":0,"menu_order":0,"comment_status":"closed","ping_status":"closed","template":"templates\/template-full-width.php","meta":{"footnotes":""},"class_list":["post-14482","page","type-page","status-publish","hentry"],"yoast_head":"<!-- This site is optimized with the Yoast SEO plugin v24.7 - https:\/\/yoast.com\/wordpress\/plugins\/seo\/ -->\n<title>Products - G&uuml;ney A\u015f\u0131nmaz Metal Mak. San. ve Tic. A.\u015e. Hardox<\/title>\n<meta name=\"description\" content=\"Hardox ve Strenx Sac Stoklar\u0131m\u0131zla M\u00fc\u015fterilerimize Hizmet Veriyoruz, Hardox 400, Hardox 450, Hardox 500, Hardox 550, Hardox 600 ve Strenx Sac\" \/>\n<meta name=\"robots\" content=\"index, follow, max-snippet:-1, max-image-preview:large, max-video-preview:-1\" \/>\n<link rel=\"canonical\" href=\"https:\/\/guneyasinmaz.com.tr\/en\/?page_id=14482\" \/>\n<meta property=\"og:locale\" content=\"tr_TR\" \/>\n<meta property=\"og:type\" content=\"article\" \/>\n<meta property=\"og:title\" content=\"Products - G&uuml;ney A\u015f\u0131nmaz Metal Mak. San. ve Tic. A.\u015e. Hardox\" \/>\n<meta property=\"og:description\" content=\"Hardox ve Strenx Sac Stoklar\u0131m\u0131zla M\u00fc\u015fterilerimize Hizmet Veriyoruz, Hardox 400, Hardox 450, Hardox 500, Hardox 550, Hardox 600 ve Strenx Sac\" \/>\n<meta property=\"og:url\" content=\"https:\/\/guneyasinmaz.com.tr\/en\/?page_id=14482\" \/>\n<meta property=\"og:site_name\" content=\"G&uuml;ney A\u015f\u0131nmaz Metal Mak. San. ve Tic. A.\u015e. Hardox\" \/>\n<meta property=\"article:modified_time\" content=\"2022-10-26T21:35:43+00:00\" \/>\n<meta name=\"twitter:card\" content=\"summary_large_image\" \/>\n<meta name=\"twitter:label1\" content=\"Tahmini okuma s\u00fcresi\" \/>\n\t<meta name=\"twitter:data1\" content=\"2 dakika\" \/>\n<script type=\"application\/ld+json\" class=\"yoast-schema-graph\">{\"@context\":\"https:\/\/schema.org\",\"@graph\":[{\"@type\":\"WebPage\",\"@id\":\"https:\/\/guneyasinmaz.com.tr\/en\/?page_id=14482\",\"url\":\"https:\/\/guneyasinmaz.com.tr\/en\/?page_id=14482\",\"name\":\"Products - G&uuml;ney A\u015f\u0131nmaz Metal Mak. San. ve Tic. A.\u015e. Hardox\",\"isPartOf\":{\"@id\":\"https:\/\/guneyasinmaz.com.tr\/en\/#website\"},\"datePublished\":\"2022-02-05T10:41:39+00:00\",\"dateModified\":\"2022-10-26T21:35:43+00:00\",\"description\":\"Hardox ve Strenx Sac Stoklar\u0131m\u0131zla M\u00fc\u015fterilerimize Hizmet Veriyoruz, Hardox 400, Hardox 450, Hardox 500, Hardox 550, Hardox 600 ve Strenx Sac\",\"breadcrumb\":{\"@id\":\"https:\/\/guneyasinmaz.com.tr\/en\/?page_id=14482#breadcrumb\"},\"inLanguage\":\"tr\",\"potentialAction\":[{\"@type\":\"ReadAction\",\"target\":[\"https:\/\/guneyasinmaz.com.tr\/en\/?page_id=14482\"]}]},{\"@type\":\"BreadcrumbList\",\"@id\":\"https:\/\/guneyasinmaz.com.tr\/en\/?page_id=14482#breadcrumb\",\"itemListElement\":[{\"@type\":\"ListItem\",\"position\":1,\"name\":\"Home\",\"item\":\"https:\/\/guneyasinmaz.com.tr\/en\/\"},{\"@type\":\"ListItem\",\"position\":2,\"name\":\"Products\"}]},{\"@type\":\"WebSite\",\"@id\":\"https:\/\/guneyasinmaz.com.tr\/en\/#website\",\"url\":\"https:\/\/guneyasinmaz.com.tr\/en\/\",\"name\":\"G&uuml;ney A\u015f\u0131nmaz Metal Mak. San. ve Tic. A.\u015e. Hardox\",\"description\":\"Hardox Strenx A\u015f\u0131nmaya kar\u015f\u0131 m&uuml;cadelenizde ihtiyac\u0131n\u0131z olabilecek her t&uuml;rl&uuml; &uuml;r&uuml;n ve hizmet ile yan\u0131n\u0131zday\u0131z. A\u015f\u0131nma par&ccedil;alar\u0131 i&ccedil;in sundu\u011fumuz &ccedil;&ouml;z&uuml;mler, a\u015f\u0131nmaya maruz kalan t&uuml;m uygulamalar\u0131n\u0131za maksimum performans ve &uuml;st&uuml;n hizmet &ouml;mr&uuml; sa\u011flayacakt\u0131r.\",\"potentialAction\":[{\"@type\":\"SearchAction\",\"target\":{\"@type\":\"EntryPoint\",\"urlTemplate\":\"https:\/\/guneyasinmaz.com.tr\/en\/?s={search_term_string}\"},\"query-input\":{\"@type\":\"PropertyValueSpecification\",\"valueRequired\":true,\"valueName\":\"search_term_string\"}}],\"inLanguage\":\"tr\"}]}<\/script>\n<!-- \/ Yoast SEO plugin. -->","yoast_head_json":{"title":"Products - G&uuml;ney A\u015f\u0131nmaz Metal Mak. San. ve Tic. A.\u015e. Hardox","description":"Hardox ve Strenx Sac Stoklar\u0131m\u0131zla M\u00fc\u015fterilerimize Hizmet Veriyoruz, Hardox 400, Hardox 450, Hardox 500, Hardox 550, Hardox 600 ve Strenx Sac","robots":{"index":"index","follow":"follow","max-snippet":"max-snippet:-1","max-image-preview":"max-image-preview:large","max-video-preview":"max-video-preview:-1"},"canonical":"https:\/\/guneyasinmaz.com.tr\/en\/?page_id=14482","og_locale":"tr_TR","og_type":"article","og_title":"Products - G&uuml;ney A\u015f\u0131nmaz Metal Mak. San. ve Tic. A.\u015e. Hardox","og_description":"Hardox ve Strenx Sac Stoklar\u0131m\u0131zla M\u00fc\u015fterilerimize Hizmet Veriyoruz, Hardox 400, Hardox 450, Hardox 500, Hardox 550, Hardox 600 ve Strenx Sac","og_url":"https:\/\/guneyasinmaz.com.tr\/en\/?page_id=14482","og_site_name":"G&uuml;ney A\u015f\u0131nmaz Metal Mak. San. ve Tic. A.\u015e. Hardox","article_modified_time":"2022-10-26T21:35:43+00:00","twitter_card":"summary_large_image","twitter_misc":{"Tahmini okuma s\u00fcresi":"2 dakika"},"schema":{"@context":"https:\/\/schema.org","@graph":[{"@type":"WebPage","@id":"https:\/\/guneyasinmaz.com.tr\/en\/?page_id=14482","url":"https:\/\/guneyasinmaz.com.tr\/en\/?page_id=14482","name":"Products - G&uuml;ney A\u015f\u0131nmaz Metal Mak. San. ve Tic. A.\u015e. Hardox","isPartOf":{"@id":"https:\/\/guneyasinmaz.com.tr\/en\/#website"},"datePublished":"2022-02-05T10:41:39+00:00","dateModified":"2022-10-26T21:35:43+00:00","description":"Hardox ve Strenx Sac Stoklar\u0131m\u0131zla M\u00fc\u015fterilerimize Hizmet Veriyoruz, Hardox 400, Hardox 450, Hardox 500, Hardox 550, Hardox 600 ve Strenx Sac","breadcrumb":{"@id":"https:\/\/guneyasinmaz.com.tr\/en\/?page_id=14482#breadcrumb"},"inLanguage":"tr","potentialAction":[{"@type":"ReadAction","target":["https:\/\/guneyasinmaz.com.tr\/en\/?page_id=14482"]}]},{"@type":"BreadcrumbList","@id":"https:\/\/guneyasinmaz.com.tr\/en\/?page_id=14482#breadcrumb","itemListElement":[{"@type":"ListItem","position":1,"name":"Home","item":"https:\/\/guneyasinmaz.com.tr\/en\/"},{"@type":"ListItem","position":2,"name":"Products"}]},{"@type":"WebSite","@id":"https:\/\/guneyasinmaz.com.tr\/en\/#website","url":"https:\/\/guneyasinmaz.com.tr\/en\/","name":"G&uuml;ney A\u015f\u0131nmaz Metal Mak. San. ve Tic. A.\u015e. Hardox","description":"Hardox Strenx A\u015f\u0131nmaya kar\u015f\u0131 m&uuml;cadelenizde ihtiyac\u0131n\u0131z olabilecek her t&uuml;rl&uuml; &uuml;r&uuml;n ve hizmet ile yan\u0131n\u0131zday\u0131z. A\u015f\u0131nma par&ccedil;alar\u0131 i&ccedil;in sundu\u011fumuz &ccedil;&ouml;z&uuml;mler, a\u015f\u0131nmaya maruz kalan t&uuml;m uygulamalar\u0131n\u0131za maksimum performans ve &uuml;st&uuml;n hizmet &ouml;mr&uuml; sa\u011flayacakt\u0131r.","potentialAction":[{"@type":"SearchAction","target":{"@type":"EntryPoint","urlTemplate":"https:\/\/guneyasinmaz.com.tr\/en\/?s={search_term_string}"},"query-input":{"@type":"PropertyValueSpecification","valueRequired":true,"valueName":"search_term_string"}}],"inLanguage":"tr"}]}},"_links":{"self":[{"href":"https:\/\/guneyasinmaz.com.tr\/en\/index.php?rest_route=\/wp\/v2\/pages\/14482","targetHints":{"allow":["GET"]}}],"collection":[{"href":"https:\/\/guneyasinmaz.com.tr\/en\/index.php?rest_route=\/wp\/v2\/pages"}],"about":[{"href":"https:\/\/guneyasinmaz.com.tr\/en\/index.php?rest_route=\/wp\/v2\/types\/page"}],"author":[{"embeddable":true,"href":"https:\/\/guneyasinmaz.com.tr\/en\/index.php?rest_route=\/wp\/v2\/users\/1"}],"replies":[{"embeddable":true,"href":"https:\/\/guneyasinmaz.com.tr\/en\/index.php?rest_route=%2Fwp%2Fv2%2Fcomments&post=14482"}],"version-history":[{"count":0,"href":"https:\/\/guneyasinmaz.com.tr\/en\/index.php?rest_route=\/wp\/v2\/pages\/14482\/revisions"}],"wp:attachment":[{"href":"https:\/\/guneyasinmaz.com.tr\/en\/index.php?rest_route=%2Fwp%2Fv2%2Fmedia&parent=14482"}],"curies":[{"name":"wp","href":"https:\/\/api.w.org\/{rel}","templated":true}]}}