{"id":2923,"date":"2020-05-06T13:31:33","date_gmt":"2020-05-06T13:31:33","guid":{"rendered":"https:\/\/essentials.pixfort.com\/original\/?page_id=2923"},"modified":"2025-02-05T20:25:56","modified_gmt":"2025-02-05T20:25:56","slug":"contact","status":"publish","type":"page","link":"https:\/\/guneyasinmaz.com.tr\/en\/?page_id=2923","title":{"rendered":"Contact"},"content":{"rendered":"[vc_section full_width=&#8221;stretch_row&#8221; pix_over_visibility=&#8221;&#8221; css=&#8221;.vc_custom_1692893523822{padding-top: 80px !important;padding-bottom: 10px !important;}&#8221;][vc_row full_width=&#8221;stretch_row&#8221; pix_particles_check=&#8221;&#8221;][vc_column content_align=&#8221;text-center&#8221; offset=&#8221;vc_col-lg-offset-2 vc_col-lg-8&#8243;]<span class=\"d-inline-block mr-1 animate-in\" data-anim-type=\"fade-in-up\" data-anim-delay=\"300\"><span class=\"badge font-weight-bold bg-secondary  vc_custom_1706032533820  \" style=\"font-size:14px; \"><span class=\"text-white\" style=\"\">OUR MANAGEMENT STAFF<\/span><\/span><\/span><div id=\"sliding-text-185530277\" class=\"mb-3 text-center  vc_custom_1706032547417\"><h5 class=\"mb-32 pix-sliding-headline font-weight-bold secondary-font\" data-class=\"secondary-font text-heading-default\" data-style=\"\">You can resolve your requests more easily and quickly by contacting our relevant units.<\/h5><\/div>[\/vc_column][\/vc_row][\/vc_section][vc_section full_width=&#8221;stretch_row&#8221; content_placement=&#8221;middle&#8221; pix_over_visibility=&#8221;&#8221; top_divider_select=&#8221;8&#8243; top_layers=&#8221;1&#8243; responsive_css=&#8221;{&#8220;pix_res_sm_pt&#8220;:&#8220;20&#8220;,&#8220;pix_res_sm_pb&#8220;:&#8220;20&#8220;,&#8220;pix_res_md_pt&#8220;:&#8220;40&#8220;,&#8220;pix_res_md_pb&#8220;:&#8220;40&#8220;}&#8221; css=&#8221;.vc_custom_1692894868034{padding-top: 50px !important;padding-bottom: 0px !important;background-color: #ffffff !important;border-radius: 20px !important;}&#8221; el_id=&#8221;pix_section_about&#8221; section_name=&#8221;About&#8221;][vc_row pix_particles_check=&#8221;&#8221;][vc_column width=&#8221;1\/3&#8243;]<div class=\"pix-content-box card      vc_custom_1613617699964    rounded-10 shadow-sm shadow-hover fly-sm bg- w-100  \"   ><div class=\"scene scene-over\"><\/div><div class=\"\" style=\"z-index:30;position:relative;\"><a href=\"#\" ><div id=\"1692888489050-2d531fff-4a62\" class=\"media  vc_custom_1737490098979\"><div class=\"mr-3 feature_img \"   style=\"position:relative;text-align:center;\"><i style=\"display:inline-block;font-size:20px;min-width:20px;line-height:20px;\" class=\"text-gradient-primary align-middle pixicon-user-male-phone\"><\/i><\/div><div class=\"media-body\"><h6 class=\"font-weight-bold  secondary-font text-heading-default  \" style=\"padding-top:8px;\"  >\u0130leti\u015fim<\/h6><div class=\"text-body-default text-sm     \" style=\"\"  >+90 532 321 43 87<\/div><\/div><\/div><\/a><\/div><\/div>[\/vc_column][vc_column width=&#8221;1\/3&#8243;]<div class=\"pix-content-box card      vc_custom_1613618517019    rounded-10 shadow-sm shadow-hover fly-sm bg- w-100  \"   ><div class=\"scene scene-over\"><\/div><div class=\"\" style=\"z-index:30;position:relative;\"><a href=\"#\" ><div id=\"1692888489022-e6626215-7646\" class=\"media  vc_custom_1692885083207\"><div class=\"mr-3 feature_img \"   style=\"position:relative;text-align:center;\"><i style=\"display:inline-block;font-size:20px;min-width:20px;line-height:20px;\" class=\"text-gradient-primary align-middle pixicon-email-1\"><\/i><\/div><div class=\"media-body\"><h6 class=\"font-weight-bold  secondary-font text-heading-default  \" style=\"padding-top:8px;\"  >E-mail<\/h6><div class=\"text-body-default text-sm     \" style=\"\"  >info@guneyasinmaz.com.tr<\/div><\/div><\/div><\/a><\/div><\/div>[\/vc_column][vc_column width=&#8221;1\/3&#8243;]<div class=\"pix-content-box card      vc_custom_1613618509072    rounded-10 shadow-sm shadow-hover fly-sm bg- w-100  \"   ><div class=\"scene scene-over\"><\/div><div class=\"\" style=\"z-index:30;position:relative;\"><a href=\"#\" ><div id=\"1692888489036-fd57596b-a23d\" class=\"media  vc_custom_1738787150532\"><div class=\"mr-3 feature_img \"   style=\"position:relative;text-align:center;\"><i style=\"display:inline-block;font-size:20px;min-width:20px;line-height:20px;\" class=\"text-gradient-primary align-middle pixicon-map-pinned-2\"><\/i><\/div><div class=\"media-body\"><h6 class=\"font-weight-bold  secondary-font text-heading-default  \" style=\"padding-top:8px;\"  >Adres<\/h6><div class=\"text-body-default text-sm     \" style=\"\"  >Sultan Orhan, Hask\u00f6y San. Sit. 14B Blok No:8 Gebze\/Kocaeli<\/div><\/div><\/div><\/a><\/div><\/div>[\/vc_column][\/vc_row][\/vc_section][vc_section full_width=&#8221;stretch_row&#8221; pix_over_visibility=&#8221;&#8221; css=&#8221;.vc_custom_1614124508044{margin-top: 0px !important;padding-top: 0px !important;padding-bottom: 0px !important;background-color: #ffffff !important;border-radius: 10px !important;}&#8221;][vc_row full_width=&#8221;stretch_row_content_no_spaces&#8221; pix_particles_check=&#8221;&#8221;][vc_column][vc_gmaps link=&#8221;#E-8_JTNDaWZyYW1lJTIwc3JjJTNEJTIyaHR0cHMlM0ElMkYlMkZ3d3cuZ29vZ2xlLmNvbSUyRm1hcHMlMkZlbWJlZCUzRnBiJTNEJTIxMW0xNCUyMTFtOCUyMTFtMyUyMTFkMTIwNjYuMTE0NzkyMzQyMTA3JTIxMmQyOS4zNDQ3MjElMjEzZDQwLjg4MjIxNjElMjEzbTIlMjExaTEwMjQlMjEyaTc2OCUyMTRmMTMuMSUyMTNtMyUyMTFtMiUyMTFzMHgwJTI1M0EweDRiZWY5MWFjMzk0ZDY3OGYlMjEyelI4T2NUa1ZaSUVIRm5rbE9UVUZhSUUxRlZFRk0lMjE1ZTAlMjEzbTIlMjExc3RyJTIxMnN0ciUyMTR2MTY0MjUyMTU0NTUxOSUyMTVtMiUyMTFzdHIlMjEyc3RyJTIyJTIwd2lkdGglM0QlMjI2MDAlMjIlMjBoZWlnaHQlM0QlMjIzNTAlMjIlMjBzdHlsZSUzRCUyMmJvcmRlciUzQTAlM0IlMjIlMjBhbGxvd2Z1bGxzY3JlZW4lM0QlMjIlMjIlMjBsb2FkaW5nJTNEJTIybGF6eSUyMiUzRSUzQyUyRmlmcmFtZSUzRQ==&#8221;][\/vc_column][\/vc_row][\/vc_section]","protected":false},"excerpt":{"rendered":"[vc_section full_width=&#8221;stretch_row&#8221; pix_over_visibility=&#8221;&#8221; css=&#8221;.vc_custom_1692893523822{padding-top: 80px !important;padding-bottom: 10px !important;}&#8221;][vc_row full_width=&#8221;stretch_row&#8221; pix_particles_check=&#8221;&#8221;][vc_column content_align=&#8221;text-center&#8221; offset=&#8221;vc_col-lg-offset-2 vc_col-lg-8&#8243;][\/vc_column][\/vc_row][\/vc_section][vc_section full_width=&#8221;stretch_row&#8221; content_placement=&#8221;middle&#8221; pix_over_visibility=&#8221;&#8221; top_divider_select=&#8221;8&#8243; top_layers=&#8221;1&#8243; responsive_css=&#8221;{&#8220;pix_res_sm_pt&#8220;:&#8220;20&#8220;,&#8220;pix_res_sm_pb&#8220;:&#8220;20&#8220;,&#8220;pix_res_md_pt&#8220;:&#8220;40&#8220;,&#8220;pix_res_md_pb&#8220;:&#8220;40&#8220;}&#8221; css=&#8221;.vc_custom_1692894868034{padding-top: 50px !important;padding-bottom: 0px !important;background-color: #ffffff !important;border-radius: 20px !important;}&#8221; el_id=&#8221;pix_section_about&#8221; section_name=&#8221;About&#8221;][vc_row pix_particles_check=&#8221;&#8221;][vc_column width=&#8221;1\/3&#8243;][\/vc_column][vc_column width=&#8221;1\/3&#8243;][\/vc_column][vc_column width=&#8221;1\/3&#8243;][\/vc_column][\/vc_row][\/vc_section][vc_section full_width=&#8221;stretch_row&#8221; pix_over_visibility=&#8221;&#8221; css=&#8221;.vc_custom_1614124508044{margin-top: 0px !important;padding-top: 0px&#8230;","protected":false},"author":1,"featured_media":0,"parent":0,"menu_order":0,"comment_status":"closed","ping_status":"closed","template":"","meta":{"footnotes":""},"class_list":["post-2923","page","type-page","status-publish","hentry"],"yoast_head":"<!-- This site is optimized with the Yoast SEO plugin v24.7 - https:\/\/yoast.com\/wordpress\/plugins\/seo\/ -->\n<title>Contact - G&uuml;ney A\u015f\u0131nmaz Metal Mak. San. ve Tic. A.\u015e. Hardox<\/title>\n<meta name=\"description\" content=\"Hardox ve Strenx Sac Stoklar\u0131m\u0131zla M\u00fc\u015fterilerimize Hizmet Veriyoruz, Hardox 400, Hardox 450, Hardox 500, Hardox 550, Hardox 600 ve Strenx Sac\" \/>\n<meta name=\"robots\" content=\"index, follow, max-snippet:-1, max-image-preview:large, max-video-preview:-1\" \/>\n<link rel=\"canonical\" href=\"https:\/\/guneyasinmaz.com.tr\/en\/?page_id=2923\" \/>\n<meta property=\"og:locale\" content=\"tr_TR\" \/>\n<meta property=\"og:type\" content=\"article\" \/>\n<meta property=\"og:title\" content=\"Contact - G&uuml;ney A\u015f\u0131nmaz Metal Mak. San. ve Tic. A.\u015e. Hardox\" \/>\n<meta property=\"og:description\" content=\"Hardox ve Strenx Sac Stoklar\u0131m\u0131zla M\u00fc\u015fterilerimize Hizmet Veriyoruz, Hardox 400, Hardox 450, Hardox 500, Hardox 550, Hardox 600 ve Strenx Sac\" \/>\n<meta property=\"og:url\" content=\"https:\/\/guneyasinmaz.com.tr\/en\/?page_id=2923\" \/>\n<meta property=\"og:site_name\" content=\"G&uuml;ney A\u015f\u0131nmaz Metal Mak. San. ve Tic. A.\u015e. Hardox\" \/>\n<meta property=\"article:modified_time\" content=\"2025-02-05T20:25:56+00:00\" \/>\n<meta name=\"twitter:card\" content=\"summary_large_image\" \/>\n<meta name=\"twitter:label1\" content=\"Tahmini okuma s\u00fcresi\" \/>\n\t<meta name=\"twitter:data1\" content=\"2 dakika\" \/>\n<script type=\"application\/ld+json\" class=\"yoast-schema-graph\">{\"@context\":\"https:\/\/schema.org\",\"@graph\":[{\"@type\":\"WebPage\",\"@id\":\"https:\/\/guneyasinmaz.com.tr\/en\/?page_id=2923\",\"url\":\"https:\/\/guneyasinmaz.com.tr\/en\/?page_id=2923\",\"name\":\"Contact - G&uuml;ney A\u015f\u0131nmaz Metal Mak. San. ve Tic. A.\u015e. Hardox\",\"isPartOf\":{\"@id\":\"https:\/\/guneyasinmaz.com.tr\/en\/#website\"},\"datePublished\":\"2020-05-06T13:31:33+00:00\",\"dateModified\":\"2025-02-05T20:25:56+00:00\",\"description\":\"Hardox ve Strenx Sac Stoklar\u0131m\u0131zla M\u00fc\u015fterilerimize Hizmet Veriyoruz, Hardox 400, Hardox 450, Hardox 500, Hardox 550, Hardox 600 ve Strenx Sac\",\"breadcrumb\":{\"@id\":\"https:\/\/guneyasinmaz.com.tr\/en\/?page_id=2923#breadcrumb\"},\"inLanguage\":\"tr\",\"potentialAction\":[{\"@type\":\"ReadAction\",\"target\":[\"https:\/\/guneyasinmaz.com.tr\/en\/?page_id=2923\"]}]},{\"@type\":\"BreadcrumbList\",\"@id\":\"https:\/\/guneyasinmaz.com.tr\/en\/?page_id=2923#breadcrumb\",\"itemListElement\":[{\"@type\":\"ListItem\",\"position\":1,\"name\":\"Home\",\"item\":\"https:\/\/guneyasinmaz.com.tr\/en\/\"},{\"@type\":\"ListItem\",\"position\":2,\"name\":\"Contact\"}]},{\"@type\":\"WebSite\",\"@id\":\"https:\/\/guneyasinmaz.com.tr\/en\/#website\",\"url\":\"https:\/\/guneyasinmaz.com.tr\/en\/\",\"name\":\"G&uuml;ney A\u015f\u0131nmaz Metal Mak. San. ve Tic. A.\u015e. Hardox\",\"description\":\"Hardox Strenx A\u015f\u0131nmaya kar\u015f\u0131 m&uuml;cadelenizde ihtiyac\u0131n\u0131z olabilecek her t&uuml;rl&uuml; &uuml;r&uuml;n ve hizmet ile yan\u0131n\u0131zday\u0131z. A\u015f\u0131nma par&ccedil;alar\u0131 i&ccedil;in sundu\u011fumuz &ccedil;&ouml;z&uuml;mler, a\u015f\u0131nmaya maruz kalan t&uuml;m uygulamalar\u0131n\u0131za maksimum performans ve &uuml;st&uuml;n hizmet &ouml;mr&uuml; sa\u011flayacakt\u0131r.\",\"potentialAction\":[{\"@type\":\"SearchAction\",\"target\":{\"@type\":\"EntryPoint\",\"urlTemplate\":\"https:\/\/guneyasinmaz.com.tr\/en\/?s={search_term_string}\"},\"query-input\":{\"@type\":\"PropertyValueSpecification\",\"valueRequired\":true,\"valueName\":\"search_term_string\"}}],\"inLanguage\":\"tr\"}]}<\/script>\n<!-- \/ Yoast SEO plugin. -->","yoast_head_json":{"title":"Contact - G&uuml;ney A\u015f\u0131nmaz Metal Mak. San. ve Tic. A.\u015e. Hardox","description":"Hardox ve Strenx Sac Stoklar\u0131m\u0131zla M\u00fc\u015fterilerimize Hizmet Veriyoruz, Hardox 400, Hardox 450, Hardox 500, Hardox 550, Hardox 600 ve Strenx Sac","robots":{"index":"index","follow":"follow","max-snippet":"max-snippet:-1","max-image-preview":"max-image-preview:large","max-video-preview":"max-video-preview:-1"},"canonical":"https:\/\/guneyasinmaz.com.tr\/en\/?page_id=2923","og_locale":"tr_TR","og_type":"article","og_title":"Contact - G&uuml;ney A\u015f\u0131nmaz Metal Mak. San. ve Tic. A.\u015e. Hardox","og_description":"Hardox ve Strenx Sac Stoklar\u0131m\u0131zla M\u00fc\u015fterilerimize Hizmet Veriyoruz, Hardox 400, Hardox 450, Hardox 500, Hardox 550, Hardox 600 ve Strenx Sac","og_url":"https:\/\/guneyasinmaz.com.tr\/en\/?page_id=2923","og_site_name":"G&uuml;ney A\u015f\u0131nmaz Metal Mak. San. ve Tic. A.\u015e. Hardox","article_modified_time":"2025-02-05T20:25:56+00:00","twitter_card":"summary_large_image","twitter_misc":{"Tahmini okuma s\u00fcresi":"2 dakika"},"schema":{"@context":"https:\/\/schema.org","@graph":[{"@type":"WebPage","@id":"https:\/\/guneyasinmaz.com.tr\/en\/?page_id=2923","url":"https:\/\/guneyasinmaz.com.tr\/en\/?page_id=2923","name":"Contact - G&uuml;ney A\u015f\u0131nmaz Metal Mak. San. ve Tic. A.\u015e. Hardox","isPartOf":{"@id":"https:\/\/guneyasinmaz.com.tr\/en\/#website"},"datePublished":"2020-05-06T13:31:33+00:00","dateModified":"2025-02-05T20:25:56+00:00","description":"Hardox ve Strenx Sac Stoklar\u0131m\u0131zla M\u00fc\u015fterilerimize Hizmet Veriyoruz, Hardox 400, Hardox 450, Hardox 500, Hardox 550, Hardox 600 ve Strenx Sac","breadcrumb":{"@id":"https:\/\/guneyasinmaz.com.tr\/en\/?page_id=2923#breadcrumb"},"inLanguage":"tr","potentialAction":[{"@type":"ReadAction","target":["https:\/\/guneyasinmaz.com.tr\/en\/?page_id=2923"]}]},{"@type":"BreadcrumbList","@id":"https:\/\/guneyasinmaz.com.tr\/en\/?page_id=2923#breadcrumb","itemListElement":[{"@type":"ListItem","position":1,"name":"Home","item":"https:\/\/guneyasinmaz.com.tr\/en\/"},{"@type":"ListItem","position":2,"name":"Contact"}]},{"@type":"WebSite","@id":"https:\/\/guneyasinmaz.com.tr\/en\/#website","url":"https:\/\/guneyasinmaz.com.tr\/en\/","name":"G&uuml;ney A\u015f\u0131nmaz Metal Mak. San. ve Tic. A.\u015e. Hardox","description":"Hardox Strenx A\u015f\u0131nmaya kar\u015f\u0131 m&uuml;cadelenizde ihtiyac\u0131n\u0131z olabilecek her t&uuml;rl&uuml; &uuml;r&uuml;n ve hizmet ile yan\u0131n\u0131zday\u0131z. A\u015f\u0131nma par&ccedil;alar\u0131 i&ccedil;in sundu\u011fumuz &ccedil;&ouml;z&uuml;mler, a\u015f\u0131nmaya maruz kalan t&uuml;m uygulamalar\u0131n\u0131za maksimum performans ve &uuml;st&uuml;n hizmet &ouml;mr&uuml; sa\u011flayacakt\u0131r.","potentialAction":[{"@type":"SearchAction","target":{"@type":"EntryPoint","urlTemplate":"https:\/\/guneyasinmaz.com.tr\/en\/?s={search_term_string}"},"query-input":{"@type":"PropertyValueSpecification","valueRequired":true,"valueName":"search_term_string"}}],"inLanguage":"tr"}]}},"_links":{"self":[{"href":"https:\/\/guneyasinmaz.com.tr\/en\/index.php?rest_route=\/wp\/v2\/pages\/2923","targetHints":{"allow":["GET"]}}],"collection":[{"href":"https:\/\/guneyasinmaz.com.tr\/en\/index.php?rest_route=\/wp\/v2\/pages"}],"about":[{"href":"https:\/\/guneyasinmaz.com.tr\/en\/index.php?rest_route=\/wp\/v2\/types\/page"}],"author":[{"embeddable":true,"href":"https:\/\/guneyasinmaz.com.tr\/en\/index.php?rest_route=\/wp\/v2\/users\/1"}],"replies":[{"embeddable":true,"href":"https:\/\/guneyasinmaz.com.tr\/en\/index.php?rest_route=%2Fwp%2Fv2%2Fcomments&post=2923"}],"version-history":[{"count":0,"href":"https:\/\/guneyasinmaz.com.tr\/en\/index.php?rest_route=\/wp\/v2\/pages\/2923\/revisions"}],"wp:attachment":[{"href":"https:\/\/guneyasinmaz.com.tr\/en\/index.php?rest_route=%2Fwp%2Fv2%2Fmedia&parent=2923"}],"curies":[{"name":"wp","href":"https:\/\/api.w.org\/{rel}","templated":true}]}}