{"id":3248,"date":"2020-05-11T01:15:50","date_gmt":"2020-05-11T01:15:50","guid":{"rendered":"https:\/\/essentials.pixfort.com\/original\/?page_id=3248"},"modified":"2022-04-17T08:59:25","modified_gmt":"2022-04-17T08:59:25","slug":"aboutus","status":"publish","type":"page","link":"https:\/\/guneyasinmaz.com.tr\/en\/?page_id=3248","title":{"rendered":"AboutUs"},"content":{"rendered":"<p>[vc_section full_width=&#8221;stretch_row&#8221; pix_over_visibility=&#8221;&#8221; bottom_divider_select=&#8221;19&#8243; b_has_animation=&#8221;true&#8221; b_2_is_gradient=&#8221;true&#8221; b_2_color=&#8221;rgba(255,255,255,0.7)&#8221; b_2_color_2=&#8221;rgba(255,255,255,0.7)&#8221; b_2_animation=&#8221;fade-in-up&#8221; b_3_is_gradient=&#8221;true&#8221; b_3_color=&#8221;#e9ecef&#8221; b_3_color_2=&#8221;#dee2e6&#8243; b_3_animation=&#8221;fade-in-up&#8221; css=&#8221;.vc_custom_1589333443722{padding-top: 80px !important;padding-bottom: 20px !important;}&#8221; b_3_delay=&#8221;200&#8243;][\/vc_section][vc_section full_width=&#8221;stretch_row&#8221; pix_over_visibility=&#8221;&#8221; bottom_divider_select=&#8221;8&#8243; b_has_animation=&#8221;true&#8221; b_2_color=&#8221;rgba(255,255,255,0.01)&#8221; b_3_is_gradient=&#8221;true&#8221; b_3_color=&#8221;rgba(0,0,0,0.08)&#8221; b_3_color_2=&#8221;rgba(255,255,255,0.01)&#8221; b_3_animation=&#8221;fade-in-up&#8221; top_divider_select=&#8221;8&#8243; t_has_animation=&#8221;true&#8221; t_1_color=&#8221;rgba(152,214,98,0.01)&#8221; t_2_color=&#8221;&#8221; t_3_color=&#8221;rgba(255,255,255,0.1)&#8221; t_3_animation=&#8221;fade-in-down&#8221; t_flip_h=&#8221;true&#8221; pix_overlay_color=&#8221;gray-1&#8243; responsive_css=&#8221;{&#8220;pix_res_sm_pt&#8220;:&#8220;20&#8220;,&#8220;pix_res_sm_pb&#8220;:&#8220;20&#8220;,&#8220;pix_res_md_pt&#8220;:&#8220;40&#8220;,&#8220;pix_res_md_pb&#8220;:&#8220;40&#8220;}&#8221; css=&#8221;.vc_custom_1613616369268{padding-top: 80px !important;padding-bottom: 80px !important;}&#8221; t_custom_height=&#8221;200px&#8221; b_custom_height=&#8221;300px&#8221; pix_overlay_opacity=&#8221;1&#8243; b_3_delay=&#8221;300&#8243; t_3_delay=&#8221;150&#8243;][vc_row full_width=&#8221;stretch_row&#8221; content_placement=&#8221;middle&#8221; pix_particles_check=&#8221;&#8221; responsive_css=&#8221;{&#8220;pix_res_sm_pt&#8220;:&#8220;40&#8220;,&#8220;pix_res_sm_pb&#8220;:&#8220;40&#8220;,&#8220;pix_res_md_pt&#8220;:&#8220;40&#8220;,&#8220;pix_res_md_pb&#8220;:&#8220;40&#8220;}&#8221;][vc_column width=&#8221;1\/2&#8243; responsive_css=&#8221;{&#8220;pix_res_sm_pt&#8220;:&#8220;20&#8220;,&#8220;pix_res_sm_pb&#8220;:&#8220;20&#8220;,&#8220;pix_res_md_pt&#8220;:&#8220;20&#8220;,&#8220;pix_res_md_pb&#8220;:&#8220;20&#8220;}&#8221; css=&#8221;.vc_custom_1613616585471{padding-top: 80px !important;padding-bottom: 80px !important;}&#8221;]<div id=\"highlighted-text-69550435\" class=\"text-left  vc_custom_1650185875400\"><h3 class=\"text-heading-default\"  data-anim-type=\"\" data-anim-delay=\"0\"><span class=\"font-weight-normal  heading-font\">In your fight against wear<\/span><span class=\"font-weight-normal  font-weight-bold heading-font\">you may need<\/span><span class=\"font-weight-normal  heading-font\">We are with you with all kinds of products and services.<\/span><\/h3><\/div><div class=\"pix-el-text slide-in-container2 w-100   vc_custom_1650185890194\" ><p class=\"text-20  text-blue  \" >Our solutions for wear parts will provide maximum performance and superior service life to all your wear-prone applications.<\/p><\/div>[\/vc_column][vc_column width=&#8221;1\/2&#8243; content_align=&#8221;text-center&#8221;]<div class=\"pix-photo-stack pix-img-2  vc_custom_1642574719077\"><div class=\"img-el\" ><div class=\"w-100 pix-bounce-sm pix-duration-slow\"><div class=\"animate-in d-inline-block w-100\" data-anim-type=\"fade-in-up\" data-anim-delay=\"400\"><div class=\"tilt\"><img decoding=\"async\" width=\"380\" height=\"360\" class=\"pix-lazy rounded-lg shadow-lg shadow-hover-lg scale-sm d-inline-block\" loading=\"lazy\" data-srcset=\"https:\/\/guneyasinmaz.com.tr\/en\/wp-content\/uploads\/2022\/01\/hardox-450-300x284.jpg 300w, https:\/\/guneyasinmaz.com.tr\/en\/wp-content\/uploads\/2022\/01\/hardox-450.jpg 380w\" src=\"https:\/\/guneyasinmaz.com.tr\/en\/wp-content\/plugins\/pixfort-core\/functions\/images\/loading.webp\" data-src=\"https:\/\/guneyasinmaz.com.tr\/en\/wp-content\/uploads\/2022\/01\/hardox-450.jpg\" alt=\"\" \/><\/div><\/div><\/div><\/div><div class=\"img-el\" ><div class=\"w-100 pix-bounce-sm pix-duration-slow\"><div class=\"animate-in d-inline-block w-100\" data-anim-type=\"fade-in-up\" data-anim-delay=\"500\"><div class=\"tilt\"><img decoding=\"async\" width=\"1600\" height=\"1200\" class=\"pix-lazy rounded-lg shadow-lg shadow-hover-lg scale-sm d-inline-block\" loading=\"lazy\" data-srcset=\"https:\/\/guneyasinmaz.com.tr\/en\/wp-content\/uploads\/2022\/01\/WhatsApp-Image-2022-01-12-at-13.49.40-300x225.jpeg 300w, https:\/\/guneyasinmaz.com.tr\/en\/wp-content\/uploads\/2022\/01\/WhatsApp-Image-2022-01-12-at-13.49.40-1024x768.jpeg 1024w, https:\/\/guneyasinmaz.com.tr\/en\/wp-content\/uploads\/2022\/01\/WhatsApp-Image-2022-01-12-at-13.49.40-768x576.jpeg 768w, https:\/\/guneyasinmaz.com.tr\/en\/wp-content\/uploads\/2022\/01\/WhatsApp-Image-2022-01-12-at-13.49.40-1536x1152.jpeg 1536w, https:\/\/guneyasinmaz.com.tr\/en\/wp-content\/uploads\/2022\/01\/WhatsApp-Image-2022-01-12-at-13.49.40-600x450.jpeg 600w, https:\/\/guneyasinmaz.com.tr\/en\/wp-content\/uploads\/2022\/01\/WhatsApp-Image-2022-01-12-at-13.49.40.jpeg 1600w\" src=\"https:\/\/guneyasinmaz.com.tr\/en\/wp-content\/plugins\/pixfort-core\/functions\/images\/loading.webp\" data-src=\"https:\/\/guneyasinmaz.com.tr\/en\/wp-content\/uploads\/2022\/01\/WhatsApp-Image-2022-01-12-at-13.49.40.jpeg\" alt=\"\" \/><\/div><\/div><\/div><\/div><\/div>[\/vc_column][\/vc_row][\/vc_section][vc_row pix_particles_check=&#8221;&#8221;][vc_column][vc_wp_text]Our company was established on the Anatolian Side of Istanbul in 2020, and we serve all sectors where steel comes into contact with abrasive materials.<\/p>\n<p>No matter which sector you are in mining, construction, forestry, cement, coal, recycling or corrosion; Without allowing your production to be interrupted for a long time, our expert team will come to you, make our measurements and analyzes, and bring the wear-resistant product that will meet your needs to your business quickly as the final product.<\/p>\n<p>Our solutions for wear parts will provide maximum performance and superior service life to all your wear-prone applications.<\/p>\n<p>We are your one-stop shop for wear products: We are at your side with all kinds of products and services you may need in your fight against wear.[\/vc_wp_text][\/vc_column][\/vc_row]<\/p>\n","protected":false},"excerpt":{"rendered":"[vc_section full_width=&#8221;stretch_row&#8221; pix_over_visibility=&#8221;&#8221; bottom_divider_select=&#8221;19&#8243; b_has_animation=&#8221;true&#8221; b_2_is_gradient=&#8221;true&#8221; b_2_color=&#8221;rgba(255,255,255,0.7)&#8221; b_2_color_2=&#8221;rgba(255,255,255,0.7)&#8221; b_2_animation=&#8221;fade-in-up&#8221; b_3_is_gradient=&#8221;true&#8221; b_3_color=&#8221;#e9ecef&#8221; b_3_color_2=&#8221;#dee2e6&#8243; b_3_animation=&#8221;fade-in-up&#8221; css=&#8221;.vc_custom_1589333443722{padding-top: 80px !important;padding-bottom: 20px !important;}&#8221; b_3_delay=&#8221;200&#8243;][\/vc_section][vc_section full_width=&#8221;stretch_row&#8221; pix_over_visibility=&#8221;&#8221; bottom_divider_select=&#8221;8&#8243; b_has_animation=&#8221;true&#8221; b_2_color=&#8221;rgba(255,255,255,0.01)&#8221; b_3_is_gradient=&#8221;true&#8221; b_3_color=&#8221;rgba(0,0,0,0.08)&#8221; b_3_color_2=&#8221;rgba(255,255,255,0.01)&#8221; b_3_animation=&#8221;fade-in-up&#8221; top_divider_select=&#8221;8&#8243; t_has_animation=&#8221;true&#8221; t_1_color=&#8221;rgba(152,214,98,0.01)&#8221; t_2_color=&#8221;&#8221; t_3_color=&#8221;rgba(255,255,255,0.1)&#8221; t_3_animation=&#8221;fade-in-down&#8221; t_flip_h=&#8221;true&#8221; pix_overlay_color=&#8221;gray-1&#8243; responsive_css=&#8221;{&#8220;pix_res_sm_pt&#8220;:&#8220;20&#8220;,&#8220;pix_res_sm_pb&#8220;:&#8220;20&#8220;,&#8220;pix_res_md_pt&#8220;:&#8220;40&#8220;,&#8220;pix_res_md_pb&#8220;:&#8220;40&#8220;}&#8221; css=&#8221;.vc_custom_1613616369268{padding-top: 80px !important;padding-bottom:&#8230;","protected":false},"author":1,"featured_media":0,"parent":0,"menu_order":0,"comment_status":"closed","ping_status":"closed","template":"","meta":{"footnotes":""},"class_list":["post-3248","page","type-page","status-publish","hentry"],"yoast_head":"<!-- This site is optimized with the Yoast SEO plugin v24.7 - https:\/\/yoast.com\/wordpress\/plugins\/seo\/ -->\n<title>AboutUs - G&uuml;ney A\u015f\u0131nmaz Metal Mak. San. ve Tic. A.\u015e. Hardox<\/title>\n<meta name=\"description\" content=\"Hardox ve Strenx Sac Stoklar\u0131m\u0131zla M\u00fc\u015fterilerimize Hizmet Veriyoruz, Hardox 400, Hardox 450, Hardox 500, Hardox 550, Hardox 600 ve Strenx Sac\" \/>\n<meta name=\"robots\" content=\"index, follow, max-snippet:-1, max-image-preview:large, max-video-preview:-1\" \/>\n<link rel=\"canonical\" href=\"https:\/\/guneyasinmaz.com.tr\/en\/?page_id=3248\" \/>\n<meta property=\"og:locale\" content=\"tr_TR\" \/>\n<meta property=\"og:type\" content=\"article\" \/>\n<meta property=\"og:title\" content=\"AboutUs - G&uuml;ney A\u015f\u0131nmaz Metal Mak. San. ve Tic. A.\u015e. Hardox\" \/>\n<meta property=\"og:description\" content=\"Hardox ve Strenx Sac Stoklar\u0131m\u0131zla M\u00fc\u015fterilerimize Hizmet Veriyoruz, Hardox 400, Hardox 450, Hardox 500, Hardox 550, Hardox 600 ve Strenx Sac\" \/>\n<meta property=\"og:url\" content=\"https:\/\/guneyasinmaz.com.tr\/en\/?page_id=3248\" \/>\n<meta property=\"og:site_name\" content=\"G&uuml;ney A\u015f\u0131nmaz Metal Mak. San. ve Tic. A.\u015e. Hardox\" \/>\n<meta property=\"article:modified_time\" content=\"2022-04-17T08:59:25+00:00\" \/>\n<meta name=\"twitter:card\" content=\"summary_large_image\" \/>\n<meta name=\"twitter:label1\" content=\"Tahmini okuma s\u00fcresi\" \/>\n\t<meta name=\"twitter:data1\" content=\"3 dakika\" \/>\n<script type=\"application\/ld+json\" class=\"yoast-schema-graph\">{\"@context\":\"https:\/\/schema.org\",\"@graph\":[{\"@type\":\"WebPage\",\"@id\":\"https:\/\/guneyasinmaz.com.tr\/en\/?page_id=3248\",\"url\":\"https:\/\/guneyasinmaz.com.tr\/en\/?page_id=3248\",\"name\":\"AboutUs - G&uuml;ney A\u015f\u0131nmaz Metal Mak. San. ve Tic. A.\u015e. Hardox\",\"isPartOf\":{\"@id\":\"https:\/\/guneyasinmaz.com.tr\/en\/#website\"},\"datePublished\":\"2020-05-11T01:15:50+00:00\",\"dateModified\":\"2022-04-17T08:59:25+00:00\",\"description\":\"Hardox ve Strenx Sac Stoklar\u0131m\u0131zla M\u00fc\u015fterilerimize Hizmet Veriyoruz, Hardox 400, Hardox 450, Hardox 500, Hardox 550, Hardox 600 ve Strenx Sac\",\"breadcrumb\":{\"@id\":\"https:\/\/guneyasinmaz.com.tr\/en\/?page_id=3248#breadcrumb\"},\"inLanguage\":\"tr\",\"potentialAction\":[{\"@type\":\"ReadAction\",\"target\":[\"https:\/\/guneyasinmaz.com.tr\/en\/?page_id=3248\"]}]},{\"@type\":\"BreadcrumbList\",\"@id\":\"https:\/\/guneyasinmaz.com.tr\/en\/?page_id=3248#breadcrumb\",\"itemListElement\":[{\"@type\":\"ListItem\",\"position\":1,\"name\":\"Home\",\"item\":\"https:\/\/guneyasinmaz.com.tr\/en\/\"},{\"@type\":\"ListItem\",\"position\":2,\"name\":\"AboutUs\"}]},{\"@type\":\"WebSite\",\"@id\":\"https:\/\/guneyasinmaz.com.tr\/en\/#website\",\"url\":\"https:\/\/guneyasinmaz.com.tr\/en\/\",\"name\":\"G&uuml;ney A\u015f\u0131nmaz Metal Mak. San. ve Tic. A.\u015e. Hardox\",\"description\":\"Hardox Strenx A\u015f\u0131nmaya kar\u015f\u0131 m&uuml;cadelenizde ihtiyac\u0131n\u0131z olabilecek her t&uuml;rl&uuml; &uuml;r&uuml;n ve hizmet ile yan\u0131n\u0131zday\u0131z. A\u015f\u0131nma par&ccedil;alar\u0131 i&ccedil;in sundu\u011fumuz &ccedil;&ouml;z&uuml;mler, a\u015f\u0131nmaya maruz kalan t&uuml;m uygulamalar\u0131n\u0131za maksimum performans ve &uuml;st&uuml;n hizmet &ouml;mr&uuml; sa\u011flayacakt\u0131r.\",\"potentialAction\":[{\"@type\":\"SearchAction\",\"target\":{\"@type\":\"EntryPoint\",\"urlTemplate\":\"https:\/\/guneyasinmaz.com.tr\/en\/?s={search_term_string}\"},\"query-input\":{\"@type\":\"PropertyValueSpecification\",\"valueRequired\":true,\"valueName\":\"search_term_string\"}}],\"inLanguage\":\"tr\"}]}<\/script>\n<!-- \/ Yoast SEO plugin. -->","yoast_head_json":{"title":"AboutUs - G&uuml;ney A\u015f\u0131nmaz Metal Mak. San. ve Tic. A.\u015e. Hardox","description":"Hardox ve Strenx Sac Stoklar\u0131m\u0131zla M\u00fc\u015fterilerimize Hizmet Veriyoruz, Hardox 400, Hardox 450, Hardox 500, Hardox 550, Hardox 600 ve Strenx Sac","robots":{"index":"index","follow":"follow","max-snippet":"max-snippet:-1","max-image-preview":"max-image-preview:large","max-video-preview":"max-video-preview:-1"},"canonical":"https:\/\/guneyasinmaz.com.tr\/en\/?page_id=3248","og_locale":"tr_TR","og_type":"article","og_title":"AboutUs - G&uuml;ney A\u015f\u0131nmaz Metal Mak. San. ve Tic. A.\u015e. Hardox","og_description":"Hardox ve Strenx Sac Stoklar\u0131m\u0131zla M\u00fc\u015fterilerimize Hizmet Veriyoruz, Hardox 400, Hardox 450, Hardox 500, Hardox 550, Hardox 600 ve Strenx Sac","og_url":"https:\/\/guneyasinmaz.com.tr\/en\/?page_id=3248","og_site_name":"G&uuml;ney A\u015f\u0131nmaz Metal Mak. San. ve Tic. A.\u015e. Hardox","article_modified_time":"2022-04-17T08:59:25+00:00","twitter_card":"summary_large_image","twitter_misc":{"Tahmini okuma s\u00fcresi":"3 dakika"},"schema":{"@context":"https:\/\/schema.org","@graph":[{"@type":"WebPage","@id":"https:\/\/guneyasinmaz.com.tr\/en\/?page_id=3248","url":"https:\/\/guneyasinmaz.com.tr\/en\/?page_id=3248","name":"AboutUs - G&uuml;ney A\u015f\u0131nmaz Metal Mak. San. ve Tic. A.\u015e. Hardox","isPartOf":{"@id":"https:\/\/guneyasinmaz.com.tr\/en\/#website"},"datePublished":"2020-05-11T01:15:50+00:00","dateModified":"2022-04-17T08:59:25+00:00","description":"Hardox ve Strenx Sac Stoklar\u0131m\u0131zla M\u00fc\u015fterilerimize Hizmet Veriyoruz, Hardox 400, Hardox 450, Hardox 500, Hardox 550, Hardox 600 ve Strenx Sac","breadcrumb":{"@id":"https:\/\/guneyasinmaz.com.tr\/en\/?page_id=3248#breadcrumb"},"inLanguage":"tr","potentialAction":[{"@type":"ReadAction","target":["https:\/\/guneyasinmaz.com.tr\/en\/?page_id=3248"]}]},{"@type":"BreadcrumbList","@id":"https:\/\/guneyasinmaz.com.tr\/en\/?page_id=3248#breadcrumb","itemListElement":[{"@type":"ListItem","position":1,"name":"Home","item":"https:\/\/guneyasinmaz.com.tr\/en\/"},{"@type":"ListItem","position":2,"name":"AboutUs"}]},{"@type":"WebSite","@id":"https:\/\/guneyasinmaz.com.tr\/en\/#website","url":"https:\/\/guneyasinmaz.com.tr\/en\/","name":"G&uuml;ney A\u015f\u0131nmaz Metal Mak. San. ve Tic. A.\u015e. Hardox","description":"Hardox Strenx A\u015f\u0131nmaya kar\u015f\u0131 m&uuml;cadelenizde ihtiyac\u0131n\u0131z olabilecek her t&uuml;rl&uuml; &uuml;r&uuml;n ve hizmet ile yan\u0131n\u0131zday\u0131z. A\u015f\u0131nma par&ccedil;alar\u0131 i&ccedil;in sundu\u011fumuz &ccedil;&ouml;z&uuml;mler, a\u015f\u0131nmaya maruz kalan t&uuml;m uygulamalar\u0131n\u0131za maksimum performans ve &uuml;st&uuml;n hizmet &ouml;mr&uuml; sa\u011flayacakt\u0131r.","potentialAction":[{"@type":"SearchAction","target":{"@type":"EntryPoint","urlTemplate":"https:\/\/guneyasinmaz.com.tr\/en\/?s={search_term_string}"},"query-input":{"@type":"PropertyValueSpecification","valueRequired":true,"valueName":"search_term_string"}}],"inLanguage":"tr"}]}},"_links":{"self":[{"href":"https:\/\/guneyasinmaz.com.tr\/en\/index.php?rest_route=\/wp\/v2\/pages\/3248","targetHints":{"allow":["GET"]}}],"collection":[{"href":"https:\/\/guneyasinmaz.com.tr\/en\/index.php?rest_route=\/wp\/v2\/pages"}],"about":[{"href":"https:\/\/guneyasinmaz.com.tr\/en\/index.php?rest_route=\/wp\/v2\/types\/page"}],"author":[{"embeddable":true,"href":"https:\/\/guneyasinmaz.com.tr\/en\/index.php?rest_route=\/wp\/v2\/users\/1"}],"replies":[{"embeddable":true,"href":"https:\/\/guneyasinmaz.com.tr\/en\/index.php?rest_route=%2Fwp%2Fv2%2Fcomments&post=3248"}],"version-history":[{"count":0,"href":"https:\/\/guneyasinmaz.com.tr\/en\/index.php?rest_route=\/wp\/v2\/pages\/3248\/revisions"}],"wp:attachment":[{"href":"https:\/\/guneyasinmaz.com.tr\/en\/index.php?rest_route=%2Fwp%2Fv2%2Fmedia&parent=3248"}],"curies":[{"name":"wp","href":"https:\/\/api.w.org\/{rel}","templated":true}]}}